{"id":17114,"date":"2014-07-19T11:23:54","date_gmt":"2014-07-19T10:23:54","guid":{"rendered":"http:\/\/www.lacoifferie.ch\/new\/?page_id=17114"},"modified":"2021-03-02T11:06:52","modified_gmt":"2021-03-02T09:06:52","slug":"topchic","status":"publish","type":"page","link":"https:\/\/www.lacoifferie.ch\/?page_id=17114","title":{"rendered":"TopChic"},"content":{"rendered":"<div class=\"wpb-content-wrapper\"><div class=\"vc_row wpb_row section  grid_section\" style=' text-align:center;'><div class=\" section_inner clearfix\"><div class='section_inner_margin clearfix'><div class=\"wpb_column vc_column_container vc_col-sm-12\"><div class=\"vc_column-inner\"><div class=\"wpb_wrapper\">\n\t<div class=\"wpb_text_column wpb_content_element \">\n\t\t<div class=\"wpb_wrapper\">\n\t\t\t<h4 style=\"text-align: center;\">L&rsquo;OBJECTIF : CR\u00c9ER UNE BEAUT\u00c9 REMARQUABLE.<\/h4>\n<p class=\"bodytext\" style=\"text-align: center;\">Des couleurs intelligentes pour une beaut\u00e9 incomparable. L&rsquo;objectif : cr\u00e9er une beaut\u00e9 remarquable.<br \/>\n<strong>Topchic<\/strong> a la solution id\u00e9ale : un syst\u00e8me de coloration embl\u00e9matique, vraiment intelligent.<\/p>\n\n\t\t<\/div> \n\t<\/div> \n\t<div class=\"wpb_single_image wpb_content_element vc_align_center\">\n\t\t<div class=\"wpb_wrapper\">\n\t\t\t\n\t\t\t<div class=\"vc_single_image-wrapper   vc_box_border_grey\"><img loading=\"lazy\" decoding=\"async\" width=\"992\" height=\"329\" src=\"https:\/\/www.lacoifferie.ch\/new\/wp-content\/uploads\/2021\/03\/GW_Banner_992x329px_TOPCHIC_1.jpg\" class=\"vc_single_image-img attachment-full\" alt=\"\" title=\"GW_Banner_992x329px_TOPCHIC_1\" srcset=\"https:\/\/www.lacoifferie.ch\/new\/wp-content\/uploads\/2021\/03\/GW_Banner_992x329px_TOPCHIC_1.jpg 992w, https:\/\/www.lacoifferie.ch\/new\/wp-content\/uploads\/2021\/03\/GW_Banner_992x329px_TOPCHIC_1-300x99.jpg 300w, https:\/\/www.lacoifferie.ch\/new\/wp-content\/uploads\/2021\/03\/GW_Banner_992x329px_TOPCHIC_1-768x255.jpg 768w, https:\/\/www.lacoifferie.ch\/new\/wp-content\/uploads\/2021\/03\/GW_Banner_992x329px_TOPCHIC_1-600x199.jpg 600w\" sizes=\"auto, (max-width: 992px) 100vw, 992px\" \/><\/div>\n\t\t<\/div>\n\t<\/div>\n<div class=\"vc_empty_space\"   style=\"height: 20px\"><span class=\"vc_empty_space_inner\"><\/span><\/div>\n\t<div class=\"wpb_text_column wpb_content_element \">\n\t\t<div class=\"wpb_wrapper\">\n\t\t\t<h2 style=\"text-align: center;\">B\u00c9N\u00c9FICES<\/h2>\n<p class=\"bodytext\" style=\"text-align: center;\">Performances absolues<br \/>\nTOPCHIC garantit des couleurs intenses, ultra brillantes, multidimensionnelles.<\/p>\n<p class=\"bodytext\" style=\"text-align: center;\"><strong>Tenue ultime<\/strong> &#8211; Sur le march\u00e9 professionnel, la premi\u00e8re gamme de nuances froides qui restent r\u00e9ellement froides. R\u00e9sultat garanti gr\u00e2ce \u00e0 la technologie CoolProtect d\u2019avant-garde.<br \/>\n<strong>Excellente homog\u00e9n\u00e9it\u00e9<\/strong> &#8211; Pour des r\u00e9sultats couleur superbes et homog\u00e8nes, des racines jusqu\u2019aux pointes. R\u00e9sultat garanti gr\u00e2ce \u00e0 l\u2019Equalizer System 2.0.<br \/>\n<strong>Douceur optimale<\/strong> &#8211; 100 % de performance avec un respect de la fibre sans compromis. R\u00e9sultat garanti gr\u00e2ce \u00e0 la technologie Coenzyme brevet\u00e9e et \u00e0 la nouvelle lotion-cr\u00e8me r\u00e9v\u00e9latrice ultra douce \u00e0 l\u2019IntraLipid.<\/p>\n\n\t\t<\/div> \n\t<\/div> <div class=\"vc_empty_space\"   style=\"height: 20px\"><span class=\"vc_empty_space_inner\"><\/span><\/div>\n\t<div class=\"wpb_text_column wpb_content_element \">\n\t\t<div class=\"wpb_wrapper\">\n\t\t\t<h4 style=\"text-align: center;\">Une des meilleures coloration au monde.<\/h4>\n<p style=\"text-align: center;\">Gr\u00e2ce \u00e0 la technologie brevet\u00e9e <strong>Coenzyme-Technologie<\/strong> et \u00e0 son syst\u00e8me <strong>Color Equalizer<\/strong>, les colorations <strong>Topchic<\/strong> permettent aux clients de profiter particuli\u00e8rement longtemps de leurs r\u00e9sultats.<\/p>\n<p style=\"text-align: center;\">La coloration permanente colore en profondeur et ne s&rsquo;\u00e9limine pas par les shampoings. En effet, ces colorations d&rsquo;oxydation transforment les pigments naturels du cheveu en pigments artificiels et permettent de couvrir jusqu&rsquo;\u00e0 100% des cheveux blancs.<\/p>\n<p style=\"text-align: center;\">La coloration permanente permet de colorer en plus clair, en plus fonc\u00e9, dans le m\u00eame ton, ou d&rsquo;apporter des reflets. Elle est \u00e9galement capable de colorer une chevelure enti\u00e8rement blanche. Mais apr\u00e8s quelques semaines, la couleur de base appara\u00eet \u00e0 la racine.<\/p>\n\n\t\t<\/div> \n\t<\/div> <div class=\"vc_empty_space\"   style=\"height: 20px\"><span class=\"vc_empty_space_inner\"><\/span><\/div><\/div><\/div><\/div><\/div><\/div><\/div><div     class=\"vc_row wpb_row section \" style=' text-align:left;'><div class=\" full_section_inner clearfix\"><div class=\"wpb_column vc_column_container vc_col-sm-12\"><div class=\"vc_column-inner\"><div class=\"wpb_wrapper\">\n\t<div class=\"wpb_text_column wpb_content_element \">\n\t\t<div class=\"wpb_wrapper\">\n\t\t\t<p style=\"text-align: center;\"><b>DES NUANCES SUR MESURE POUR TOUS LES BESOINS.<\/b><br \/>\nLe segmentation TOPCHIC\u2019s est simple et intuitive pour cr\u00e9er une beaut\u00e9 incomparable,\u00a0 adapt\u00e9e aux besoins de chaque client.<\/p>\n\n\t\t<\/div> \n\t<\/div> <div id=\"ult-carousel-22504603386a00a46bb8d78\" class=\"ult-carousel-wrapper   ult_horizontal\" data-gutter=\"15\" data-rtl=\"false\" ><div class=\"ult-carousel-2296887986a00a46bb8cf6 \" ><div class=\"ult-item-wrap\" data-animation=\"animated no-animation\">\n\t<div class=\"wpb_single_image wpb_content_element vc_align_center\">\n\t\t<div class=\"wpb_wrapper\">\n\t\t\t\n\t\t\t\n\t\t<figure class=\"vc_figure\">\n\t\t\t<div class=\"vc_single_image-wrapper   vc_box_border_grey\"><img loading=\"lazy\" decoding=\"async\" width=\"727\" height=\"473\" src=\"https:\/\/www.lacoifferie.ch\/new\/wp-content\/uploads\/2014\/07\/TOPCHIC_THE-NATURALS.jpg\" class=\"vc_single_image-img attachment-full\" alt=\"\" title=\"TOPCHIC_THE-NATURALS\" srcset=\"https:\/\/www.lacoifferie.ch\/new\/wp-content\/uploads\/2014\/07\/TOPCHIC_THE-NATURALS.jpg 727w, https:\/\/www.lacoifferie.ch\/new\/wp-content\/uploads\/2014\/07\/TOPCHIC_THE-NATURALS-300x195.jpg 300w, https:\/\/www.lacoifferie.ch\/new\/wp-content\/uploads\/2014\/07\/TOPCHIC_THE-NATURALS-600x390.jpg 600w\" sizes=\"auto, (max-width: 727px) 100vw, 727px\" \/><\/div>\n\t\t\t<figcaption class=\"vc_figure-caption\">THE NATURALS\n\n100 % de couverture des cheveux blancs avec une large palette de couleurs<\/figcaption>\n\t\t<\/figure>\n\t\n\t\t<\/div>\n\t<\/div>\n<\/div><div class=\"ult-item-wrap\" data-animation=\"animated no-animation\">\n\t<div class=\"wpb_single_image wpb_content_element vc_align_center\">\n\t\t<div class=\"wpb_wrapper\">\n\t\t\t\n\t\t\t\n\t\t<figure class=\"vc_figure\">\n\t\t\t<div class=\"vc_single_image-wrapper   vc_box_border_grey\"><img loading=\"lazy\" decoding=\"async\" width=\"727\" height=\"473\" src=\"https:\/\/www.lacoifferie.ch\/new\/wp-content\/uploads\/2014\/07\/TOPCHIC_THE-BLONDES.jpg\" class=\"vc_single_image-img attachment-full\" alt=\"\" title=\"TOPCHIC_THE-BLONDES\" srcset=\"https:\/\/www.lacoifferie.ch\/new\/wp-content\/uploads\/2014\/07\/TOPCHIC_THE-BLONDES.jpg 727w, https:\/\/www.lacoifferie.ch\/new\/wp-content\/uploads\/2014\/07\/TOPCHIC_THE-BLONDES-300x195.jpg 300w, https:\/\/www.lacoifferie.ch\/new\/wp-content\/uploads\/2014\/07\/TOPCHIC_THE-BLONDES-600x390.jpg 600w\" sizes=\"auto, (max-width: 727px) 100vw, 727px\" \/><\/div>\n\t\t\t<figcaption class=\"vc_figure-caption\">THE BLONDES\nDes blonds chauds luxueux et des blonds froids purs.<\/figcaption>\n\t\t<\/figure>\n\t\n\t\t<\/div>\n\t<\/div>\n<\/div><div class=\"ult-item-wrap\" data-animation=\"animated no-animation\">\n\t<div class=\"wpb_single_image wpb_content_element vc_align_center\">\n\t\t<div class=\"wpb_wrapper\">\n\t\t\t\n\t\t\t\n\t\t<figure class=\"vc_figure\">\n\t\t\t<div class=\"vc_single_image-wrapper   vc_box_border_grey\"><img loading=\"lazy\" decoding=\"async\" width=\"727\" height=\"473\" src=\"https:\/\/www.lacoifferie.ch\/new\/wp-content\/uploads\/2014\/07\/TOPCHIC_THE-BROWNS.jpg\" class=\"vc_single_image-img attachment-full\" alt=\"\" title=\"TOPCHIC_THE-BROWNS\" srcset=\"https:\/\/www.lacoifferie.ch\/new\/wp-content\/uploads\/2014\/07\/TOPCHIC_THE-BROWNS.jpg 727w, https:\/\/www.lacoifferie.ch\/new\/wp-content\/uploads\/2014\/07\/TOPCHIC_THE-BROWNS-300x195.jpg 300w, https:\/\/www.lacoifferie.ch\/new\/wp-content\/uploads\/2014\/07\/TOPCHIC_THE-BROWNS-600x390.jpg 600w\" sizes=\"auto, (max-width: 727px) 100vw, 727px\" \/><\/div>\n\t\t\t<figcaption class=\"vc_figure-caption\">THE BROWNS\nDes bruns chauds et profonds, des bruns froids \u00e9l\u00e9gants.<\/figcaption>\n\t\t<\/figure>\n\t\n\t\t<\/div>\n\t<\/div>\n<\/div><div class=\"ult-item-wrap\" data-animation=\"animated no-animation\">\n\t<div class=\"wpb_single_image wpb_content_element vc_align_center\">\n\t\t<div class=\"wpb_wrapper\">\n\t\t\t\n\t\t\t\n\t\t<figure class=\"vc_figure\">\n\t\t\t<div class=\"vc_single_image-wrapper   vc_box_border_grey\"><img loading=\"lazy\" decoding=\"async\" width=\"727\" height=\"473\" src=\"https:\/\/www.lacoifferie.ch\/new\/wp-content\/uploads\/2014\/07\/TOPCHIC_THE-REDS.jpg\" class=\"vc_single_image-img attachment-full\" alt=\"\" title=\"TOPCHIC_THE-REDS\" srcset=\"https:\/\/www.lacoifferie.ch\/new\/wp-content\/uploads\/2014\/07\/TOPCHIC_THE-REDS.jpg 727w, https:\/\/www.lacoifferie.ch\/new\/wp-content\/uploads\/2014\/07\/TOPCHIC_THE-REDS-300x195.jpg 300w, https:\/\/www.lacoifferie.ch\/new\/wp-content\/uploads\/2014\/07\/TOPCHIC_THE-REDS-600x390.jpg 600w\" sizes=\"auto, (max-width: 727px) 100vw, 727px\" \/><\/div>\n\t\t\t<figcaption class=\"vc_figure-caption\">THE REDS\nDes rouges chauds et vibrants, des rouges froids \u00e9nergiques<\/figcaption>\n\t\t<\/figure>\n\t\n\t\t<\/div>\n\t<\/div>\n<\/div><div class=\"ult-item-wrap\" data-animation=\"animated no-animation\">\n\t<div class=\"wpb_single_image wpb_content_element vc_align_center\">\n\t\t<div class=\"wpb_wrapper\">\n\t\t\t\n\t\t\t\n\t\t<figure class=\"vc_figure\">\n\t\t\t<div class=\"vc_single_image-wrapper   vc_box_border_grey\"><img loading=\"lazy\" decoding=\"async\" width=\"727\" height=\"473\" src=\"https:\/\/www.lacoifferie.ch\/new\/wp-content\/uploads\/2014\/07\/TOPCHIC_THE-MIXSHADES.jpg\" class=\"vc_single_image-img attachment-full\" alt=\"\" title=\"TOPCHIC_THE-MIXSHADES\" srcset=\"https:\/\/www.lacoifferie.ch\/new\/wp-content\/uploads\/2014\/07\/TOPCHIC_THE-MIXSHADES.jpg 727w, https:\/\/www.lacoifferie.ch\/new\/wp-content\/uploads\/2014\/07\/TOPCHIC_THE-MIXSHADES-300x195.jpg 300w, https:\/\/www.lacoifferie.ch\/new\/wp-content\/uploads\/2014\/07\/TOPCHIC_THE-MIXSHADES-600x390.jpg 600w\" sizes=\"auto, (max-width: 727px) 100vw, 727px\" \/><\/div>\n\t\t\t<figcaption class=\"vc_figure-caption\">THE MIX SHADES\nLes nuances \u00e0 m\u00e9langer pour intensifier ou neutraliser.<\/figcaption>\n\t\t<\/figure>\n\t\n\t\t<\/div>\n\t<\/div>\n<\/div><div class=\"ult-item-wrap\" data-animation=\"animated no-animation\">\n\t<div class=\"wpb_single_image wpb_content_element vc_align_center\">\n\t\t<div class=\"wpb_wrapper\">\n\t\t\t\n\t\t\t\n\t\t<figure class=\"vc_figure\">\n\t\t\t<div class=\"vc_single_image-wrapper   vc_box_border_grey\"><img loading=\"lazy\" decoding=\"async\" width=\"727\" height=\"473\" src=\"https:\/\/www.lacoifferie.ch\/new\/wp-content\/uploads\/2014\/07\/TOPCHIC_THE-SPECIAL-LIFT.jpg\" class=\"vc_single_image-img attachment-full\" alt=\"\" title=\"TOPCHIC_THE-SPECIAL-LIFT\" srcset=\"https:\/\/www.lacoifferie.ch\/new\/wp-content\/uploads\/2014\/07\/TOPCHIC_THE-SPECIAL-LIFT.jpg 727w, https:\/\/www.lacoifferie.ch\/new\/wp-content\/uploads\/2014\/07\/TOPCHIC_THE-SPECIAL-LIFT-300x195.jpg 300w, https:\/\/www.lacoifferie.ch\/new\/wp-content\/uploads\/2014\/07\/TOPCHIC_THE-SPECIAL-LIFT-600x390.jpg 600w\" sizes=\"auto, (max-width: 727px) 100vw, 727px\" \/><\/div>\n\t\t\t<figcaption class=\"vc_figure-caption\">THE SPECIAL LIFT 2+1 EXTRA LIFT SERIES\n \u2022 Topchic HiBlondes Control\n\u2022 Topchic NeutraLights\n\u2022 Topchic Effects<\/figcaption>\n\t\t<\/figure>\n\t\n\t\t<\/div>\n\t<\/div>\n<\/div><\/div><\/div>\t\t\t<script type=\"text\/javascript\">\n\t\t\t\tjQuery(document).ready(function ($) {\n\t\t\t\t\tif( typeof jQuery('.ult-carousel-2296887986a00a46bb8cf6').slick == \"function\"){\n\t\t\t\t\t\t$('.ult-carousel-2296887986a00a46bb8cf6').slick({dots: true,autoplay: true,autoplaySpeed: \"5000\",speed: \"300\",infinite: true,arrows: true,nextArrow: '<button type=\"button\" role=\"button\" aria-label=\"Next\" style=\"color:#333333; font-size:20px;\" class=\"slick-next default\"><i class=\"ultsl-arrow-right4\"><\/i><\/button>',prevArrow: '<button type=\"button\" role=\"button\" aria-label=\"Previous\" style=\"color:#333333; font-size:20px;\" class=\"slick-prev default\"><i class=\"ultsl-arrow-left4\"><\/i><\/button>',slidesToScroll:1,slidesToShow:1,swipe: true,draggable: true,touchMove: true,pauseOnHover: true,pauseOnFocus: false,responsive: [\n\t\t\t\t\t\t\t{\n\t\t\t\t\t\t\t  breakpoint: 1026,\n\t\t\t\t\t\t\t  settings: {\n\t\t\t\t\t\t\t\tslidesToShow: 1,\n\t\t\t\t\t\t\t\tslidesToScroll: 1,  \n\t\t\t\t\t\t\t  }\n\t\t\t\t\t\t\t},\n\t\t\t\t\t\t\t{\n\t\t\t\t\t\t\t  breakpoint: 1025,\n\t\t\t\t\t\t\t  settings: {\n\t\t\t\t\t\t\t\tslidesToShow: 1,\n\t\t\t\t\t\t\t\tslidesToScroll: 1\n\t\t\t\t\t\t\t  }\n\t\t\t\t\t\t\t},\n\t\t\t\t\t\t\t{\n\t\t\t\t\t\t\t  breakpoint: 760,\n\t\t\t\t\t\t\t  settings: {\n\t\t\t\t\t\t\t\tslidesToShow: 1,\n\t\t\t\t\t\t\t\tslidesToScroll: 1\n\t\t\t\t\t\t\t  }\n\t\t\t\t\t\t\t}\n\t\t\t\t\t\t],pauseOnDotsHover: true,customPaging: function(slider, i) {\n                   return '<i type=\"button\" style= \"color:#333333;\" class=\"ultsl-record\" data-role=\"none\"><\/i>';\n                },});\n\t\t\t\t\t}\n\t\t\t\t});\n\t\t\t<\/script>\n\t\t\t<\/div><\/div><\/div><\/div><\/div>\n<\/div>","protected":false},"excerpt":{"rendered":"L'OBJECTIF : CR\u00c9ER UNE BEAUT\u00c9 REMARQUABLE. Des couleurs intelligentes pour une beaut\u00e9 incomparable. L'objectif : cr\u00e9er une beaut\u00e9 remarquable. Topchic a la solution id\u00e9ale : un syst\u00e8me de coloration embl\u00e9matique, vraiment intelligent. B\u00c9N\u00c9FICES Performances absolues TOPCHIC garantit des couleurs intenses, ultra brillantes, multidimensionnelles. Tenue ultime...","protected":false},"author":3,"featured_media":0,"parent":0,"menu_order":0,"comment_status":"closed","ping_status":"open","template":"","meta":{"footnotes":""},"class_list":["post-17114","page","type-page","status-publish","hentry"],"yoast_head":"<!-- This site is optimized with the Yoast SEO plugin v27.1.1 - https:\/\/yoast.com\/product\/yoast-seo-wordpress\/ -->\n<title>TopChic - La Coifferie par V\u00e9ronique Buchs - salon de coiffure \u00e0 Vevey<\/title>\n<meta name=\"robots\" content=\"index, follow, max-snippet:-1, max-image-preview:large, max-video-preview:-1\" \/>\n<link rel=\"canonical\" href=\"https:\/\/www.lacoifferie.ch\/?page_id=17114\" \/>\n<meta property=\"og:locale\" content=\"fr_FR\" \/>\n<meta property=\"og:type\" content=\"article\" \/>\n<meta property=\"og:title\" content=\"TopChic - La Coifferie par V\u00e9ronique Buchs - salon de coiffure \u00e0 Vevey\" \/>\n<meta property=\"og:url\" content=\"https:\/\/www.lacoifferie.ch\/?page_id=17114\" \/>\n<meta property=\"og:site_name\" content=\"La Coifferie par V\u00e9ronique Buchs - salon de coiffure \u00e0 Vevey\" \/>\n<meta property=\"article:publisher\" content=\"https:\/\/www.facebook.com\/lacoifferievevey\" \/>\n<meta property=\"article:modified_time\" content=\"2021-03-02T09:06:52+00:00\" \/>\n<meta name=\"twitter:card\" content=\"summary_large_image\" \/>\n<meta name=\"twitter:label1\" content=\"Dur\u00e9e de lecture estim\u00e9e\" \/>\n\t<meta name=\"twitter:data1\" content=\"2 minutes\" \/>\n<script type=\"application\/ld+json\" class=\"yoast-schema-graph\">{\"@context\":\"https:\/\/schema.org\",\"@graph\":[{\"@type\":\"WebPage\",\"@id\":\"https:\/\/www.lacoifferie.ch\/?page_id=17114\",\"url\":\"https:\/\/www.lacoifferie.ch\/?page_id=17114\",\"name\":\"TopChic - La Coifferie par V\u00e9ronique Buchs - salon de coiffure \u00e0 Vevey\",\"isPartOf\":{\"@id\":\"https:\/\/www.lacoifferie.ch\/#website\"},\"datePublished\":\"2014-07-19T10:23:54+00:00\",\"dateModified\":\"2021-03-02T09:06:52+00:00\",\"breadcrumb\":{\"@id\":\"https:\/\/www.lacoifferie.ch\/?page_id=17114#breadcrumb\"},\"inLanguage\":\"fr-FR\",\"potentialAction\":[{\"@type\":\"ReadAction\",\"target\":[\"https:\/\/www.lacoifferie.ch\/?page_id=17114\"]}]},{\"@type\":\"BreadcrumbList\",\"@id\":\"https:\/\/www.lacoifferie.ch\/?page_id=17114#breadcrumb\",\"itemListElement\":[{\"@type\":\"ListItem\",\"position\":1,\"name\":\"Accueil\",\"item\":\"https:\/\/www.lacoifferie.ch\/\"},{\"@type\":\"ListItem\",\"position\":2,\"name\":\"TopChic\"}]},{\"@type\":\"WebSite\",\"@id\":\"https:\/\/www.lacoifferie.ch\/#website\",\"url\":\"https:\/\/www.lacoifferie.ch\/\",\"name\":\"La Coifferie par V\u00e9ronique Buchs - salon de coiffure \u00e0 Vevey\",\"description\":\"Pour votre bien \u00eatre ...\",\"publisher\":{\"@id\":\"https:\/\/www.lacoifferie.ch\/#organization\"},\"potentialAction\":[{\"@type\":\"SearchAction\",\"target\":{\"@type\":\"EntryPoint\",\"urlTemplate\":\"https:\/\/www.lacoifferie.ch\/?s={search_term_string}\"},\"query-input\":{\"@type\":\"PropertyValueSpecification\",\"valueRequired\":true,\"valueName\":\"search_term_string\"}}],\"inLanguage\":\"fr-FR\"},{\"@type\":\"Organization\",\"@id\":\"https:\/\/www.lacoifferie.ch\/#organization\",\"name\":\"La Coifferie par V\u00e9ronique Buchs - salon de coiffure \u00e0 Vevey\",\"url\":\"https:\/\/www.lacoifferie.ch\/\",\"logo\":{\"@type\":\"ImageObject\",\"inLanguage\":\"fr-FR\",\"@id\":\"https:\/\/www.lacoifferie.ch\/#\/schema\/logo\/image\/\",\"url\":\"https:\/\/www.lacoifferie.ch\/new\/wp-content\/uploads\/2014\/09\/logo2017_black-1.png\",\"contentUrl\":\"https:\/\/www.lacoifferie.ch\/new\/wp-content\/uploads\/2014\/09\/logo2017_black-1.png\",\"width\":376,\"height\":190,\"caption\":\"La Coifferie par V\u00e9ronique Buchs - salon de coiffure \u00e0 Vevey\"},\"image\":{\"@id\":\"https:\/\/www.lacoifferie.ch\/#\/schema\/logo\/image\/\"},\"sameAs\":[\"https:\/\/www.facebook.com\/lacoifferievevey\",\"https:\/\/www.instagram.com\/lacoifferievevey\/\"]}]}<\/script>\n<!-- \/ Yoast SEO plugin. -->","yoast_head_json":{"title":"TopChic - La Coifferie par V\u00e9ronique Buchs - salon de coiffure \u00e0 Vevey","robots":{"index":"index","follow":"follow","max-snippet":"max-snippet:-1","max-image-preview":"max-image-preview:large","max-video-preview":"max-video-preview:-1"},"canonical":"https:\/\/www.lacoifferie.ch\/?page_id=17114","og_locale":"fr_FR","og_type":"article","og_title":"TopChic - La Coifferie par V\u00e9ronique Buchs - salon de coiffure \u00e0 Vevey","og_url":"https:\/\/www.lacoifferie.ch\/?page_id=17114","og_site_name":"La Coifferie par V\u00e9ronique Buchs - salon de coiffure \u00e0 Vevey","article_publisher":"https:\/\/www.facebook.com\/lacoifferievevey","article_modified_time":"2021-03-02T09:06:52+00:00","twitter_card":"summary_large_image","twitter_misc":{"Dur\u00e9e de lecture estim\u00e9e":"2 minutes"},"schema":{"@context":"https:\/\/schema.org","@graph":[{"@type":"WebPage","@id":"https:\/\/www.lacoifferie.ch\/?page_id=17114","url":"https:\/\/www.lacoifferie.ch\/?page_id=17114","name":"TopChic - La Coifferie par V\u00e9ronique Buchs - salon de coiffure \u00e0 Vevey","isPartOf":{"@id":"https:\/\/www.lacoifferie.ch\/#website"},"datePublished":"2014-07-19T10:23:54+00:00","dateModified":"2021-03-02T09:06:52+00:00","breadcrumb":{"@id":"https:\/\/www.lacoifferie.ch\/?page_id=17114#breadcrumb"},"inLanguage":"fr-FR","potentialAction":[{"@type":"ReadAction","target":["https:\/\/www.lacoifferie.ch\/?page_id=17114"]}]},{"@type":"BreadcrumbList","@id":"https:\/\/www.lacoifferie.ch\/?page_id=17114#breadcrumb","itemListElement":[{"@type":"ListItem","position":1,"name":"Accueil","item":"https:\/\/www.lacoifferie.ch\/"},{"@type":"ListItem","position":2,"name":"TopChic"}]},{"@type":"WebSite","@id":"https:\/\/www.lacoifferie.ch\/#website","url":"https:\/\/www.lacoifferie.ch\/","name":"La Coifferie par V\u00e9ronique Buchs - salon de coiffure \u00e0 Vevey","description":"Pour votre bien \u00eatre ...","publisher":{"@id":"https:\/\/www.lacoifferie.ch\/#organization"},"potentialAction":[{"@type":"SearchAction","target":{"@type":"EntryPoint","urlTemplate":"https:\/\/www.lacoifferie.ch\/?s={search_term_string}"},"query-input":{"@type":"PropertyValueSpecification","valueRequired":true,"valueName":"search_term_string"}}],"inLanguage":"fr-FR"},{"@type":"Organization","@id":"https:\/\/www.lacoifferie.ch\/#organization","name":"La Coifferie par V\u00e9ronique Buchs - salon de coiffure \u00e0 Vevey","url":"https:\/\/www.lacoifferie.ch\/","logo":{"@type":"ImageObject","inLanguage":"fr-FR","@id":"https:\/\/www.lacoifferie.ch\/#\/schema\/logo\/image\/","url":"https:\/\/www.lacoifferie.ch\/new\/wp-content\/uploads\/2014\/09\/logo2017_black-1.png","contentUrl":"https:\/\/www.lacoifferie.ch\/new\/wp-content\/uploads\/2014\/09\/logo2017_black-1.png","width":376,"height":190,"caption":"La Coifferie par V\u00e9ronique Buchs - salon de coiffure \u00e0 Vevey"},"image":{"@id":"https:\/\/www.lacoifferie.ch\/#\/schema\/logo\/image\/"},"sameAs":["https:\/\/www.facebook.com\/lacoifferievevey","https:\/\/www.instagram.com\/lacoifferievevey\/"]}]}},"_links":{"self":[{"href":"https:\/\/www.lacoifferie.ch\/index.php?rest_route=\/wp\/v2\/pages\/17114","targetHints":{"allow":["GET"]}}],"collection":[{"href":"https:\/\/www.lacoifferie.ch\/index.php?rest_route=\/wp\/v2\/pages"}],"about":[{"href":"https:\/\/www.lacoifferie.ch\/index.php?rest_route=\/wp\/v2\/types\/page"}],"author":[{"embeddable":true,"href":"https:\/\/www.lacoifferie.ch\/index.php?rest_route=\/wp\/v2\/users\/3"}],"replies":[{"embeddable":true,"href":"https:\/\/www.lacoifferie.ch\/index.php?rest_route=%2Fwp%2Fv2%2Fcomments&post=17114"}],"version-history":[{"count":10,"href":"https:\/\/www.lacoifferie.ch\/index.php?rest_route=\/wp\/v2\/pages\/17114\/revisions"}],"predecessor-version":[{"id":19641,"href":"https:\/\/www.lacoifferie.ch\/index.php?rest_route=\/wp\/v2\/pages\/17114\/revisions\/19641"}],"wp:attachment":[{"href":"https:\/\/www.lacoifferie.ch\/index.php?rest_route=%2Fwp%2Fv2%2Fmedia&parent=17114"}],"curies":[{"name":"wp","href":"https:\/\/api.w.org\/{rel}","templated":true}]}}