{"id":18659,"date":"2017-09-12T15:25:38","date_gmt":"2017-09-12T13:25:38","guid":{"rendered":"https:\/\/www.lacoifferie.ch\/?page_id=18659"},"modified":"2017-09-12T15:27:55","modified_gmt":"2017-09-12T13:27:55","slug":"colorance-ph-6-8","status":"publish","type":"page","link":"https:\/\/www.lacoifferie.ch\/?page_id=18659","title":{"rendered":"Colorance PH 6.8"},"content":{"rendered":"<div class=\"wpb-content-wrapper\"><div     class=\"vc_row wpb_row section \" style=' text-align:left;'><div class=\" full_section_inner clearfix\"><div class=\"wpb_column vc_column_container vc_col-sm-12\"><div class=\"vc_column-inner\"><div class=\"wpb_wrapper\">\n\t<div class=\"wpb_text_column wpb_content_element \">\n\t\t<div class=\"wpb_wrapper\">\n\t\t\t<h1 style=\"text-align: center;\">COLORANCE PH 6.8<\/h1>\n<p class=\"bodytext\" style=\"text-align: center;\"><b>LES PRODUITS DE COLORATION SEMI-PERMANENTE DE GOLDWELL POUR RAVIVER, CORRIGER ET\/OU SUBLIMER UNE COULEUR. RAPIDIT\u00c9, FACILIT\u00c9 ET EFFICACIT\u00c9, EN SALON OU \u00c0 LA MAISON.<\/b><\/p>\n\n\t\t<\/div> \n\t<\/div> <div class=\"vc_empty_space\"   style=\"height: 20px\"><span class=\"vc_empty_space_inner\"><\/span><\/div>\n\t<div class=\"wpb_single_image wpb_content_element vc_align_center\">\n\t\t<div class=\"wpb_wrapper\">\n\t\t\t\n\t\t\t<div class=\"vc_single_image-wrapper   vc_box_border_grey\"><img loading=\"lazy\" decoding=\"async\" width=\"1136\" height=\"639\" src=\"https:\/\/www.lacoifferie.ch\/new\/wp-content\/uploads\/2017\/09\/Softcolrohnefb.jpg\" class=\"vc_single_image-img attachment-full\" alt=\"\" title=\"Softcolrohnefb\" srcset=\"https:\/\/www.lacoifferie.ch\/new\/wp-content\/uploads\/2017\/09\/Softcolrohnefb.jpg 1136w, https:\/\/www.lacoifferie.ch\/new\/wp-content\/uploads\/2017\/09\/Softcolrohnefb-300x169.jpg 300w, https:\/\/www.lacoifferie.ch\/new\/wp-content\/uploads\/2017\/09\/Softcolrohnefb-768x432.jpg 768w, https:\/\/www.lacoifferie.ch\/new\/wp-content\/uploads\/2017\/09\/Softcolrohnefb-1024x576.jpg 1024w, https:\/\/www.lacoifferie.ch\/new\/wp-content\/uploads\/2017\/09\/Softcolrohnefb-600x338.jpg 600w, https:\/\/www.lacoifferie.ch\/new\/wp-content\/uploads\/2017\/09\/Softcolrohnefb-420x236.jpg 420w\" sizes=\"auto, (max-width: 1136px) 100vw, 1136px\" \/><\/div>\n\t\t<\/div>\n\t<\/div>\n<div class=\"vc_empty_space\"   style=\"height: 20px\"><span class=\"vc_empty_space_inner\"><\/span><\/div>\n\t<div class=\"wpb_text_column wpb_content_element \">\n\t\t<div class=\"wpb_wrapper\">\n\t\t\t<div class=\"row text\">\n<div class=\"col-md-12\">\n<h1 style=\"text-align: center;\">ASSORTIMENT<\/h1>\n<\/div>\n<\/div>\n<div class=\"row text\">\n<div class=\"col-md-12\">\n<h2 style=\"text-align: center;\">COLORANCE PH 6,8<\/h2>\n<p class=\"bodytext\" style=\"text-align: center;\">Coloration brillance semi-permanente, action douce, sans ammoniaque et sans odeur d\u2019ammoniaque.<\/p>\n<\/div>\n<\/div>\n\n\t\t<\/div> \n\t<\/div> <div class=\"vc_empty_space\"   style=\"height: 20px\"><span class=\"vc_empty_space_inner\"><\/span><\/div>\n\t<div class=\"wpb_single_image wpb_content_element vc_align_center\">\n\t\t<div class=\"wpb_wrapper\">\n\t\t\t\n\t\t\t<div class=\"vc_single_image-wrapper   vc_box_border_grey\"><img loading=\"lazy\" decoding=\"async\" width=\"727\" height=\"473\" src=\"https:\/\/www.lacoifferie.ch\/new\/wp-content\/uploads\/2017\/09\/PH-68_COLORNCE-PH-68.jpg\" class=\"vc_single_image-img attachment-full\" alt=\"\" title=\"PH-68_COLORNCE-PH-68\" srcset=\"https:\/\/www.lacoifferie.ch\/new\/wp-content\/uploads\/2017\/09\/PH-68_COLORNCE-PH-68.jpg 727w, https:\/\/www.lacoifferie.ch\/new\/wp-content\/uploads\/2017\/09\/PH-68_COLORNCE-PH-68-300x195.jpg 300w, https:\/\/www.lacoifferie.ch\/new\/wp-content\/uploads\/2017\/09\/PH-68_COLORNCE-PH-68-600x390.jpg 600w\" sizes=\"auto, (max-width: 727px) 100vw, 727px\" \/><\/div>\n\t\t<\/div>\n\t<\/div>\n<div class=\"vc_empty_space\"   style=\"height: 20px\"><span class=\"vc_empty_space_inner\"><\/span><\/div>\n\t<div class=\"wpb_text_column wpb_content_element \">\n\t\t<div class=\"wpb_wrapper\">\n\t\t\t<div class=\"row textpic panel \">\n<div class=\"col-md-6 text\">\n<h2 style=\"text-align: center;\">COLORANCE PH 6,8<\/h2>\n<p class=\"bodytext\" style=\"text-align: center;\"><b>Pour les clientes qui pr\u00e9f\u00e8rent colorer leurs cheveux ou raviver leur couleur chez elles.<\/b><br \/>\n\u2022 Technologie IntraLipid brevet\u00e9e pour r\u00e9g\u00e9n\u00e9rer durablement la structure du cheveu.<br \/>\n\u2022 15 nuances qui offrent tous les avantages de Colorance : des couleurs lumineuses et une superbe brillance pendant plusieurs semaines.<br \/>\n\u2022 Action particuli\u00e8rement douce gr\u00e2ce \u00e0 la technologie pH \u00e9quilibr\u00e9.<\/p>\n<\/div>\n<\/div>\n<div class=\"row text\" style=\"text-align: center;\">\n<div class=\"col-md-12\">\n<h2>SOFT COLOR<\/h2>\n<p class=\"bodytext\">La coloration mousse qui p\u00e9n\u00e8tre instantan\u00e9ment et agit rapidement, \u00e0 utiliser en salon ou \u00e0 la maison.<\/p>\n<p class=\"bodytext\">\u2022 22 nuances, parfaitement harmonis\u00e9es \u00e0 l\u2019ensemble des produits de coloration GOLDWELL.<br \/>\n\u2022 Des r\u00e9sultats couleur fascinants apr\u00e8s seulement 5 minutes de temps de pause.<br \/>\n\u2022 Pour des cheveux brillants et faciles \u00e0 coiffer.<\/p>\n<\/div>\n<\/div>\n<div class=\"row textpic panel \" style=\"text-align: center;\">\n<div class=\"col-md-6\"><\/div>\n<div class=\"col-md-6 text\">\n<h2><img loading=\"lazy\" decoding=\"async\" class=\"aligncenter size-full wp-image-18662\" src=\"https:\/\/www.lacoifferie.ch\/new\/wp-content\/uploads\/2017\/09\/COLOR-STYLING-MOUSSE_COLOR-STYLING-MOUSSE.jpg\" alt=\"\" width=\"727\" height=\"473\" srcset=\"https:\/\/www.lacoifferie.ch\/new\/wp-content\/uploads\/2017\/09\/COLOR-STYLING-MOUSSE_COLOR-STYLING-MOUSSE.jpg 727w, https:\/\/www.lacoifferie.ch\/new\/wp-content\/uploads\/2017\/09\/COLOR-STYLING-MOUSSE_COLOR-STYLING-MOUSSE-300x195.jpg 300w, https:\/\/www.lacoifferie.ch\/new\/wp-content\/uploads\/2017\/09\/COLOR-STYLING-MOUSSE_COLOR-STYLING-MOUSSE-600x390.jpg 600w\" sizes=\"auto, (max-width: 727px) 100vw, 727px\" \/>SOFT COLOR<\/h2>\n<p class=\"bodytext\"><b>UNE APPLICATION SIMPLE ET RAPIDE POUR UNE LARGE PALETTE DE SERVICES.<\/b><\/p>\n<p class=\"bodytext\">\u2022 Soft Shading : pour s\u2019essayer \u00e0 la coloration facilement et en douceur.<br \/>\n\u2022 Color Refreshing : pour raviver les cheveux color\u00e9s et m\u00e9ch\u00e9s \u2013 en salon ou \u00e0 la maison.<br \/>\n\u2022 Color Correction : pour retoucher rapidement les r\u00e9sultats couleur.<\/p>\n<\/div>\n<\/div>\n<div class=\"row text\" style=\"text-align: center;\">\n<div class=\"col-md-12\">\n<h2>COLOR STYLING MOUSSE<\/h2>\n<p class=\"bodytext\"><b>Mousse colorante coiffante enrichie en actifs soin. Pour une utilisation en salon ou \u00e0 la maison.<\/b><\/p>\n<p class=\"bodytext\">\u2022 Des effets de couleur temporaires et coiffage en un seul produit.<br \/>\n\u2022 15 nuances, harmonis\u00e9es \u00e0 l\u2019ensemble des produits de coloration GOLDWELL.<br \/>\n\u2022 Application simple et rapide \u00e0 l\u2019aide d\u2019une brosse ou d\u2019un peigne \u2013 sans rin\u00e7age.<a id=\"c126893\"><\/a><\/p>\n<\/div>\n<\/div>\n<div class=\"row textpic panel \">\n<div class=\"col-md-6\" style=\"text-align: center;\"><\/div>\n<div class=\"col-md-6 text\">\n<h2 style=\"text-align: center;\"><img loading=\"lazy\" decoding=\"async\" class=\"aligncenter size-full wp-image-18663\" src=\"https:\/\/www.lacoifferie.ch\/new\/wp-content\/uploads\/2017\/09\/COLOR-STYLING-MOUSSE_SOFT-COLOR.jpg\" alt=\"\" width=\"727\" height=\"473\" srcset=\"https:\/\/www.lacoifferie.ch\/new\/wp-content\/uploads\/2017\/09\/COLOR-STYLING-MOUSSE_SOFT-COLOR.jpg 727w, https:\/\/www.lacoifferie.ch\/new\/wp-content\/uploads\/2017\/09\/COLOR-STYLING-MOUSSE_SOFT-COLOR-300x195.jpg 300w, https:\/\/www.lacoifferie.ch\/new\/wp-content\/uploads\/2017\/09\/COLOR-STYLING-MOUSSE_SOFT-COLOR-600x390.jpg 600w\" sizes=\"auto, (max-width: 727px) 100vw, 727px\" \/>COLOR STYLING MOUSSE<\/h2>\n<p class=\"bodytext\" style=\"text-align: center;\"><b>RAPIDE, S\u00dbR, AVEC UNE DOUBLE EFFICACIT\u00c9.<\/b><\/p>\n<p class=\"bodytext\" style=\"text-align: center;\">\u2022 R\u00e9sultats couleur parfaitement harmonis\u00e9s aux gammes Topchic, Nectaya et Colorance.<br \/>\n\u2022 Consultations de qualit\u00e9 avec les nuanciers GOLDWELL harmonis\u00e9s.<br \/>\n\u2022 Des polym\u00e8res coiffants apportent tenue l\u00e9g\u00e8re et volume.<\/p>\n<\/div>\n<\/div>\n\n\t\t<\/div> \n\t<\/div> <div class=\"vc_empty_space\"   style=\"height: 20px\"><span class=\"vc_empty_space_inner\"><\/span><\/div><\/div><\/div><\/div><\/div><\/div>\n<\/div>","protected":false},"excerpt":{"rendered":"COLORANCE PH 6.8 LES PRODUITS DE COLORATION SEMI-PERMANENTE DE GOLDWELL POUR RAVIVER, CORRIGER ET\/OU SUBLIMER UNE COULEUR. RAPIDIT\u00c9, FACILIT\u00c9 ET EFFICACIT\u00c9, EN SALON OU \u00c0 LA MAISON. ASSORTIMENT COLORANCE PH 6,8 Coloration brillance semi-permanente, action douce, sans ammoniaque et sans odeur d\u2019ammoniaque. COLORANCE PH 6,8...","protected":false},"author":3,"featured_media":0,"parent":0,"menu_order":0,"comment_status":"closed","ping_status":"open","template":"","meta":{"footnotes":""},"class_list":["post-18659","page","type-page","status-publish","hentry"],"yoast_head":"<!-- This site is optimized with the Yoast SEO plugin v27.1.1 - https:\/\/yoast.com\/product\/yoast-seo-wordpress\/ -->\n<title>Colorance PH 6.8 - La Coifferie par V\u00e9ronique Buchs - salon de coiffure \u00e0 Vevey<\/title>\n<meta name=\"robots\" content=\"index, follow, max-snippet:-1, max-image-preview:large, max-video-preview:-1\" \/>\n<link rel=\"canonical\" href=\"https:\/\/www.lacoifferie.ch\/?page_id=18659\" \/>\n<meta property=\"og:locale\" content=\"fr_FR\" \/>\n<meta property=\"og:type\" content=\"article\" \/>\n<meta property=\"og:title\" content=\"Colorance PH 6.8 - La Coifferie par V\u00e9ronique Buchs - salon de coiffure \u00e0 Vevey\" \/>\n<meta property=\"og:url\" content=\"https:\/\/www.lacoifferie.ch\/?page_id=18659\" \/>\n<meta property=\"og:site_name\" content=\"La Coifferie par V\u00e9ronique Buchs - salon de coiffure \u00e0 Vevey\" \/>\n<meta property=\"article:publisher\" content=\"https:\/\/www.facebook.com\/lacoifferievevey\" \/>\n<meta property=\"article:modified_time\" content=\"2017-09-12T13:27:55+00:00\" \/>\n<meta property=\"og:image\" content=\"https:\/\/www.lacoifferie.ch\/new\/wp-content\/uploads\/2017\/09\/COLOR-STYLING-MOUSSE_COLOR-STYLING-MOUSSE.jpg\" \/>\n<meta name=\"twitter:card\" content=\"summary_large_image\" \/>\n<meta name=\"twitter:label1\" content=\"Dur\u00e9e de lecture estim\u00e9e\" \/>\n\t<meta name=\"twitter:data1\" content=\"2 minutes\" \/>\n<script type=\"application\/ld+json\" class=\"yoast-schema-graph\">{\"@context\":\"https:\/\/schema.org\",\"@graph\":[{\"@type\":\"WebPage\",\"@id\":\"https:\/\/www.lacoifferie.ch\/?page_id=18659\",\"url\":\"https:\/\/www.lacoifferie.ch\/?page_id=18659\",\"name\":\"Colorance PH 6.8 - La Coifferie par V\u00e9ronique Buchs - salon de coiffure \u00e0 Vevey\",\"isPartOf\":{\"@id\":\"https:\/\/www.lacoifferie.ch\/#website\"},\"primaryImageOfPage\":{\"@id\":\"https:\/\/www.lacoifferie.ch\/?page_id=18659#primaryimage\"},\"image\":{\"@id\":\"https:\/\/www.lacoifferie.ch\/?page_id=18659#primaryimage\"},\"thumbnailUrl\":\"https:\/\/www.lacoifferie.ch\/new\/wp-content\/uploads\/2017\/09\/COLOR-STYLING-MOUSSE_COLOR-STYLING-MOUSSE.jpg\",\"datePublished\":\"2017-09-12T13:25:38+00:00\",\"dateModified\":\"2017-09-12T13:27:55+00:00\",\"breadcrumb\":{\"@id\":\"https:\/\/www.lacoifferie.ch\/?page_id=18659#breadcrumb\"},\"inLanguage\":\"fr-FR\",\"potentialAction\":[{\"@type\":\"ReadAction\",\"target\":[\"https:\/\/www.lacoifferie.ch\/?page_id=18659\"]}]},{\"@type\":\"ImageObject\",\"inLanguage\":\"fr-FR\",\"@id\":\"https:\/\/www.lacoifferie.ch\/?page_id=18659#primaryimage\",\"url\":\"https:\/\/www.lacoifferie.ch\/new\/wp-content\/uploads\/2017\/09\/COLOR-STYLING-MOUSSE_COLOR-STYLING-MOUSSE.jpg\",\"contentUrl\":\"https:\/\/www.lacoifferie.ch\/new\/wp-content\/uploads\/2017\/09\/COLOR-STYLING-MOUSSE_COLOR-STYLING-MOUSSE.jpg\",\"width\":727,\"height\":473},{\"@type\":\"BreadcrumbList\",\"@id\":\"https:\/\/www.lacoifferie.ch\/?page_id=18659#breadcrumb\",\"itemListElement\":[{\"@type\":\"ListItem\",\"position\":1,\"name\":\"Accueil\",\"item\":\"https:\/\/www.lacoifferie.ch\/\"},{\"@type\":\"ListItem\",\"position\":2,\"name\":\"Colorance PH 6.8\"}]},{\"@type\":\"WebSite\",\"@id\":\"https:\/\/www.lacoifferie.ch\/#website\",\"url\":\"https:\/\/www.lacoifferie.ch\/\",\"name\":\"La Coifferie par V\u00e9ronique Buchs - salon de coiffure \u00e0 Vevey\",\"description\":\"Pour votre bien \u00eatre ...\",\"publisher\":{\"@id\":\"https:\/\/www.lacoifferie.ch\/#organization\"},\"potentialAction\":[{\"@type\":\"SearchAction\",\"target\":{\"@type\":\"EntryPoint\",\"urlTemplate\":\"https:\/\/www.lacoifferie.ch\/?s={search_term_string}\"},\"query-input\":{\"@type\":\"PropertyValueSpecification\",\"valueRequired\":true,\"valueName\":\"search_term_string\"}}],\"inLanguage\":\"fr-FR\"},{\"@type\":\"Organization\",\"@id\":\"https:\/\/www.lacoifferie.ch\/#organization\",\"name\":\"La Coifferie par V\u00e9ronique Buchs - salon de coiffure \u00e0 Vevey\",\"url\":\"https:\/\/www.lacoifferie.ch\/\",\"logo\":{\"@type\":\"ImageObject\",\"inLanguage\":\"fr-FR\",\"@id\":\"https:\/\/www.lacoifferie.ch\/#\/schema\/logo\/image\/\",\"url\":\"https:\/\/www.lacoifferie.ch\/new\/wp-content\/uploads\/2014\/09\/logo2017_black-1.png\",\"contentUrl\":\"https:\/\/www.lacoifferie.ch\/new\/wp-content\/uploads\/2014\/09\/logo2017_black-1.png\",\"width\":376,\"height\":190,\"caption\":\"La Coifferie par V\u00e9ronique Buchs - salon de coiffure \u00e0 Vevey\"},\"image\":{\"@id\":\"https:\/\/www.lacoifferie.ch\/#\/schema\/logo\/image\/\"},\"sameAs\":[\"https:\/\/www.facebook.com\/lacoifferievevey\",\"https:\/\/www.instagram.com\/lacoifferievevey\/\"]}]}<\/script>\n<!-- \/ Yoast SEO plugin. -->","yoast_head_json":{"title":"Colorance PH 6.8 - La Coifferie par V\u00e9ronique Buchs - salon de coiffure \u00e0 Vevey","robots":{"index":"index","follow":"follow","max-snippet":"max-snippet:-1","max-image-preview":"max-image-preview:large","max-video-preview":"max-video-preview:-1"},"canonical":"https:\/\/www.lacoifferie.ch\/?page_id=18659","og_locale":"fr_FR","og_type":"article","og_title":"Colorance PH 6.8 - La Coifferie par V\u00e9ronique Buchs - salon de coiffure \u00e0 Vevey","og_url":"https:\/\/www.lacoifferie.ch\/?page_id=18659","og_site_name":"La Coifferie par V\u00e9ronique Buchs - salon de coiffure \u00e0 Vevey","article_publisher":"https:\/\/www.facebook.com\/lacoifferievevey","article_modified_time":"2017-09-12T13:27:55+00:00","og_image":[{"url":"https:\/\/www.lacoifferie.ch\/new\/wp-content\/uploads\/2017\/09\/COLOR-STYLING-MOUSSE_COLOR-STYLING-MOUSSE.jpg","type":"","width":"","height":""}],"twitter_card":"summary_large_image","twitter_misc":{"Dur\u00e9e de lecture estim\u00e9e":"2 minutes"},"schema":{"@context":"https:\/\/schema.org","@graph":[{"@type":"WebPage","@id":"https:\/\/www.lacoifferie.ch\/?page_id=18659","url":"https:\/\/www.lacoifferie.ch\/?page_id=18659","name":"Colorance PH 6.8 - La Coifferie par V\u00e9ronique Buchs - salon de coiffure \u00e0 Vevey","isPartOf":{"@id":"https:\/\/www.lacoifferie.ch\/#website"},"primaryImageOfPage":{"@id":"https:\/\/www.lacoifferie.ch\/?page_id=18659#primaryimage"},"image":{"@id":"https:\/\/www.lacoifferie.ch\/?page_id=18659#primaryimage"},"thumbnailUrl":"https:\/\/www.lacoifferie.ch\/new\/wp-content\/uploads\/2017\/09\/COLOR-STYLING-MOUSSE_COLOR-STYLING-MOUSSE.jpg","datePublished":"2017-09-12T13:25:38+00:00","dateModified":"2017-09-12T13:27:55+00:00","breadcrumb":{"@id":"https:\/\/www.lacoifferie.ch\/?page_id=18659#breadcrumb"},"inLanguage":"fr-FR","potentialAction":[{"@type":"ReadAction","target":["https:\/\/www.lacoifferie.ch\/?page_id=18659"]}]},{"@type":"ImageObject","inLanguage":"fr-FR","@id":"https:\/\/www.lacoifferie.ch\/?page_id=18659#primaryimage","url":"https:\/\/www.lacoifferie.ch\/new\/wp-content\/uploads\/2017\/09\/COLOR-STYLING-MOUSSE_COLOR-STYLING-MOUSSE.jpg","contentUrl":"https:\/\/www.lacoifferie.ch\/new\/wp-content\/uploads\/2017\/09\/COLOR-STYLING-MOUSSE_COLOR-STYLING-MOUSSE.jpg","width":727,"height":473},{"@type":"BreadcrumbList","@id":"https:\/\/www.lacoifferie.ch\/?page_id=18659#breadcrumb","itemListElement":[{"@type":"ListItem","position":1,"name":"Accueil","item":"https:\/\/www.lacoifferie.ch\/"},{"@type":"ListItem","position":2,"name":"Colorance PH 6.8"}]},{"@type":"WebSite","@id":"https:\/\/www.lacoifferie.ch\/#website","url":"https:\/\/www.lacoifferie.ch\/","name":"La Coifferie par V\u00e9ronique Buchs - salon de coiffure \u00e0 Vevey","description":"Pour votre bien \u00eatre ...","publisher":{"@id":"https:\/\/www.lacoifferie.ch\/#organization"},"potentialAction":[{"@type":"SearchAction","target":{"@type":"EntryPoint","urlTemplate":"https:\/\/www.lacoifferie.ch\/?s={search_term_string}"},"query-input":{"@type":"PropertyValueSpecification","valueRequired":true,"valueName":"search_term_string"}}],"inLanguage":"fr-FR"},{"@type":"Organization","@id":"https:\/\/www.lacoifferie.ch\/#organization","name":"La Coifferie par V\u00e9ronique Buchs - salon de coiffure \u00e0 Vevey","url":"https:\/\/www.lacoifferie.ch\/","logo":{"@type":"ImageObject","inLanguage":"fr-FR","@id":"https:\/\/www.lacoifferie.ch\/#\/schema\/logo\/image\/","url":"https:\/\/www.lacoifferie.ch\/new\/wp-content\/uploads\/2014\/09\/logo2017_black-1.png","contentUrl":"https:\/\/www.lacoifferie.ch\/new\/wp-content\/uploads\/2014\/09\/logo2017_black-1.png","width":376,"height":190,"caption":"La Coifferie par V\u00e9ronique Buchs - salon de coiffure \u00e0 Vevey"},"image":{"@id":"https:\/\/www.lacoifferie.ch\/#\/schema\/logo\/image\/"},"sameAs":["https:\/\/www.facebook.com\/lacoifferievevey","https:\/\/www.instagram.com\/lacoifferievevey\/"]}]}},"_links":{"self":[{"href":"https:\/\/www.lacoifferie.ch\/index.php?rest_route=\/wp\/v2\/pages\/18659","targetHints":{"allow":["GET"]}}],"collection":[{"href":"https:\/\/www.lacoifferie.ch\/index.php?rest_route=\/wp\/v2\/pages"}],"about":[{"href":"https:\/\/www.lacoifferie.ch\/index.php?rest_route=\/wp\/v2\/types\/page"}],"author":[{"embeddable":true,"href":"https:\/\/www.lacoifferie.ch\/index.php?rest_route=\/wp\/v2\/users\/3"}],"replies":[{"embeddable":true,"href":"https:\/\/www.lacoifferie.ch\/index.php?rest_route=%2Fwp%2Fv2%2Fcomments&post=18659"}],"version-history":[{"count":2,"href":"https:\/\/www.lacoifferie.ch\/index.php?rest_route=\/wp\/v2\/pages\/18659\/revisions"}],"predecessor-version":[{"id":18665,"href":"https:\/\/www.lacoifferie.ch\/index.php?rest_route=\/wp\/v2\/pages\/18659\/revisions\/18665"}],"wp:attachment":[{"href":"https:\/\/www.lacoifferie.ch\/index.php?rest_route=%2Fwp%2Fv2%2Fmedia&parent=18659"}],"curies":[{"name":"wp","href":"https:\/\/api.w.org\/{rel}","templated":true}]}}