{"id":18672,"date":"2017-09-12T15:40:03","date_gmt":"2017-09-12T13:40:03","guid":{"rendered":"https:\/\/www.lacoifferie.ch\/?page_id=18672"},"modified":"2017-09-12T15:42:29","modified_gmt":"2017-09-12T13:42:29","slug":"color-touch-2","status":"publish","type":"page","link":"https:\/\/www.lacoifferie.ch\/?page_id=18672","title":{"rendered":"Oxycur Platin"},"content":{"rendered":"<div class=\"wpb-content-wrapper\"><div     class=\"vc_row wpb_row section \" style=' text-align:left;'><div class=\" full_section_inner clearfix\"><div class=\"wpb_column vc_column_container vc_col-sm-12\"><div class=\"vc_column-inner\"><div class=\"wpb_wrapper\">\n\t<div class=\"wpb_text_column wpb_content_element \">\n\t\t<div class=\"wpb_wrapper\">\n\t\t\t<h1 style=\"text-align: center;\">OXYCUR PLATIN<\/h1>\n<p class=\"bodytext\" style=\"text-align: center;\"><b>D\u00c9COLORATION HAUTE-PERFORMANCE.<\/b><br \/>\nPOUDRE D\u00c9COLORANTE PUISSANTE, RAPIDE ET PR\u00c9CISE. OXYCUR PLATIN R\u00c9POND \u00c0 TOUS LES BESOINS DE SERVICES D&rsquo;\u00c9CLAIRCISSEMENT, DES M\u00c8CHES LES PLUS SUBTILES AUX D\u00c9COLORATIONS LES PLUS EXTR\u00caMES.<\/p>\n\n\t\t<\/div> \n\t<\/div> <div class=\"vc_empty_space\"   style=\"height: 20px\"><span class=\"vc_empty_space_inner\"><\/span><\/div>\n\t<div class=\"wpb_single_image wpb_content_element vc_align_center\">\n\t\t<div class=\"wpb_wrapper\">\n\t\t\t\n\t\t\t\n\t\t<figure class=\"vc_figure\">\n\t\t\t<div class=\"vc_single_image-wrapper   vc_box_border_grey\"><img loading=\"lazy\" decoding=\"async\" width=\"1136\" height=\"639\" src=\"https:\/\/www.lacoifferie.ch\/new\/wp-content\/uploads\/2017\/09\/oxycurohnefb.jpg\" class=\"vc_single_image-img attachment-full\" alt=\"\" title=\"oxycurohnefb\" srcset=\"https:\/\/www.lacoifferie.ch\/new\/wp-content\/uploads\/2017\/09\/oxycurohnefb.jpg 1136w, https:\/\/www.lacoifferie.ch\/new\/wp-content\/uploads\/2017\/09\/oxycurohnefb-300x169.jpg 300w, https:\/\/www.lacoifferie.ch\/new\/wp-content\/uploads\/2017\/09\/oxycurohnefb-768x432.jpg 768w, https:\/\/www.lacoifferie.ch\/new\/wp-content\/uploads\/2017\/09\/oxycurohnefb-1024x576.jpg 1024w, https:\/\/www.lacoifferie.ch\/new\/wp-content\/uploads\/2017\/09\/oxycurohnefb-600x338.jpg 600w, https:\/\/www.lacoifferie.ch\/new\/wp-content\/uploads\/2017\/09\/oxycurohnefb-420x236.jpg 420w\" sizes=\"auto, (max-width: 1136px) 100vw, 1136px\" \/><\/div>\n\t\t\t<figcaption class=\"vc_figure-caption\">OXYCUR PLATIN DUST-FREE\n\u2022 Poudre d\u00e9colorante bleue sans d\u00e9gagement de poussi\u00e8re pour une action \u00e9claircissante puissante\n\u2022 Formule Platin-Plus pour \u00e9claircir jusqu\u2019\u00e0 7 tons\n\u2022 Texture am\u00e9lior\u00e9e<\/figcaption>\n\t\t<\/figure>\n\t\n\t\t<\/div>\n\t<\/div>\n<div class=\"vc_empty_space\"   style=\"height: 20px\"><span class=\"vc_empty_space_inner\"><\/span><\/div>\n\t<div class=\"wpb_text_column wpb_content_element \">\n\t\t<div class=\"wpb_wrapper\">\n\t\t\t<h2 style=\"text-align: center;\">B\u00c9N\u00c9FICES<\/h2>\n<p class=\"bodytext\" style=\"text-align: center;\">\u2022 Des r\u00e9sultats haute performance, une action douce<br \/>\n\u2022 Agr\u00e9able et facile \u00e0 travailler<br \/>\n\u2022 Se m\u00e9lange facilement en une texture cr\u00e8me onctueuse<br \/>\n\u2022 Dosage, m\u00e9lange et application sans r\u00e9sidus<br \/>\n\u2022 Pour des applications t\u00eate enti\u00e8re ou des techniques de m\u00e8ches et balayages<\/p>\n\n\t\t<\/div> \n\t<\/div> <div class=\"vc_empty_space\"   style=\"height: 20px\"><span class=\"vc_empty_space_inner\"><\/span><\/div>\n\t<div class=\"wpb_single_image wpb_content_element vc_align_center\">\n\t\t<div class=\"wpb_wrapper\">\n\t\t\t\n\t\t\t<div class=\"vc_single_image-wrapper   vc_box_border_grey\"><img loading=\"lazy\" decoding=\"async\" width=\"727\" height=\"473\" src=\"https:\/\/www.lacoifferie.ch\/new\/wp-content\/uploads\/2017\/09\/csm_Oxycur_Technology_3a80a220c5.jpg\" class=\"vc_single_image-img attachment-full\" alt=\"\" title=\"csm_Oxycur_Technology_3a80a220c5\" srcset=\"https:\/\/www.lacoifferie.ch\/new\/wp-content\/uploads\/2017\/09\/csm_Oxycur_Technology_3a80a220c5.jpg 727w, https:\/\/www.lacoifferie.ch\/new\/wp-content\/uploads\/2017\/09\/csm_Oxycur_Technology_3a80a220c5-300x195.jpg 300w, https:\/\/www.lacoifferie.ch\/new\/wp-content\/uploads\/2017\/09\/csm_Oxycur_Technology_3a80a220c5-600x390.jpg 600w\" sizes=\"auto, (max-width: 727px) 100vw, 727px\" \/><\/div>\n\t\t<\/div>\n\t<\/div>\n<div class=\"vc_empty_space\"   style=\"height: 20px\"><span class=\"vc_empty_space_inner\"><\/span><\/div><\/div><\/div><\/div><\/div><\/div>\n<\/div>","protected":false},"excerpt":{"rendered":"OXYCUR PLATIN D\u00c9COLORATION HAUTE-PERFORMANCE. POUDRE D\u00c9COLORANTE PUISSANTE, RAPIDE ET PR\u00c9CISE. OXYCUR PLATIN R\u00c9POND \u00c0 TOUS LES BESOINS DE SERVICES D'\u00c9CLAIRCISSEMENT, DES M\u00c8CHES LES PLUS SUBTILES AUX D\u00c9COLORATIONS LES PLUS EXTR\u00caMES. OXYCUR PLATIN DUST-FREE \u2022 Poudre d\u00e9colorante bleue sans d\u00e9gagement de poussi\u00e8re pour une action \u00e9claircissante...","protected":false},"author":3,"featured_media":0,"parent":0,"menu_order":0,"comment_status":"closed","ping_status":"open","template":"","meta":{"footnotes":""},"class_list":["post-18672","page","type-page","status-publish","hentry"],"yoast_head":"<!-- This site is optimized with the Yoast SEO plugin v27.1.1 - https:\/\/yoast.com\/product\/yoast-seo-wordpress\/ -->\n<title>Oxycur Platin - La Coifferie par V\u00e9ronique Buchs - salon de coiffure \u00e0 Vevey<\/title>\n<meta name=\"robots\" content=\"index, follow, max-snippet:-1, max-image-preview:large, max-video-preview:-1\" \/>\n<link rel=\"canonical\" href=\"https:\/\/www.lacoifferie.ch\/?page_id=18672\" \/>\n<meta property=\"og:locale\" content=\"fr_FR\" \/>\n<meta property=\"og:type\" content=\"article\" \/>\n<meta property=\"og:title\" content=\"Oxycur Platin - La Coifferie par V\u00e9ronique Buchs - salon de coiffure \u00e0 Vevey\" \/>\n<meta property=\"og:url\" content=\"https:\/\/www.lacoifferie.ch\/?page_id=18672\" \/>\n<meta property=\"og:site_name\" content=\"La Coifferie par V\u00e9ronique Buchs - salon de coiffure \u00e0 Vevey\" \/>\n<meta property=\"article:publisher\" content=\"https:\/\/www.facebook.com\/lacoifferievevey\" \/>\n<meta property=\"article:modified_time\" content=\"2017-09-12T13:42:29+00:00\" \/>\n<meta name=\"twitter:card\" content=\"summary_large_image\" \/>\n<meta name=\"twitter:label1\" content=\"Dur\u00e9e de lecture estim\u00e9e\" \/>\n\t<meta name=\"twitter:data1\" content=\"1 minute\" \/>\n<script type=\"application\/ld+json\" class=\"yoast-schema-graph\">{\"@context\":\"https:\/\/schema.org\",\"@graph\":[{\"@type\":\"WebPage\",\"@id\":\"https:\/\/www.lacoifferie.ch\/?page_id=18672\",\"url\":\"https:\/\/www.lacoifferie.ch\/?page_id=18672\",\"name\":\"Oxycur Platin - La Coifferie par V\u00e9ronique Buchs - salon de coiffure \u00e0 Vevey\",\"isPartOf\":{\"@id\":\"https:\/\/www.lacoifferie.ch\/#website\"},\"datePublished\":\"2017-09-12T13:40:03+00:00\",\"dateModified\":\"2017-09-12T13:42:29+00:00\",\"breadcrumb\":{\"@id\":\"https:\/\/www.lacoifferie.ch\/?page_id=18672#breadcrumb\"},\"inLanguage\":\"fr-FR\",\"potentialAction\":[{\"@type\":\"ReadAction\",\"target\":[\"https:\/\/www.lacoifferie.ch\/?page_id=18672\"]}]},{\"@type\":\"BreadcrumbList\",\"@id\":\"https:\/\/www.lacoifferie.ch\/?page_id=18672#breadcrumb\",\"itemListElement\":[{\"@type\":\"ListItem\",\"position\":1,\"name\":\"Accueil\",\"item\":\"https:\/\/www.lacoifferie.ch\/\"},{\"@type\":\"ListItem\",\"position\":2,\"name\":\"Oxycur Platin\"}]},{\"@type\":\"WebSite\",\"@id\":\"https:\/\/www.lacoifferie.ch\/#website\",\"url\":\"https:\/\/www.lacoifferie.ch\/\",\"name\":\"La Coifferie par V\u00e9ronique Buchs - salon de coiffure \u00e0 Vevey\",\"description\":\"Pour votre bien \u00eatre ...\",\"publisher\":{\"@id\":\"https:\/\/www.lacoifferie.ch\/#organization\"},\"potentialAction\":[{\"@type\":\"SearchAction\",\"target\":{\"@type\":\"EntryPoint\",\"urlTemplate\":\"https:\/\/www.lacoifferie.ch\/?s={search_term_string}\"},\"query-input\":{\"@type\":\"PropertyValueSpecification\",\"valueRequired\":true,\"valueName\":\"search_term_string\"}}],\"inLanguage\":\"fr-FR\"},{\"@type\":\"Organization\",\"@id\":\"https:\/\/www.lacoifferie.ch\/#organization\",\"name\":\"La Coifferie par V\u00e9ronique Buchs - salon de coiffure \u00e0 Vevey\",\"url\":\"https:\/\/www.lacoifferie.ch\/\",\"logo\":{\"@type\":\"ImageObject\",\"inLanguage\":\"fr-FR\",\"@id\":\"https:\/\/www.lacoifferie.ch\/#\/schema\/logo\/image\/\",\"url\":\"https:\/\/www.lacoifferie.ch\/new\/wp-content\/uploads\/2014\/09\/logo2017_black-1.png\",\"contentUrl\":\"https:\/\/www.lacoifferie.ch\/new\/wp-content\/uploads\/2014\/09\/logo2017_black-1.png\",\"width\":376,\"height\":190,\"caption\":\"La Coifferie par V\u00e9ronique Buchs - salon de coiffure \u00e0 Vevey\"},\"image\":{\"@id\":\"https:\/\/www.lacoifferie.ch\/#\/schema\/logo\/image\/\"},\"sameAs\":[\"https:\/\/www.facebook.com\/lacoifferievevey\",\"https:\/\/www.instagram.com\/lacoifferievevey\/\"]}]}<\/script>\n<!-- \/ Yoast SEO plugin. -->","yoast_head_json":{"title":"Oxycur Platin - La Coifferie par V\u00e9ronique Buchs - salon de coiffure \u00e0 Vevey","robots":{"index":"index","follow":"follow","max-snippet":"max-snippet:-1","max-image-preview":"max-image-preview:large","max-video-preview":"max-video-preview:-1"},"canonical":"https:\/\/www.lacoifferie.ch\/?page_id=18672","og_locale":"fr_FR","og_type":"article","og_title":"Oxycur Platin - La Coifferie par V\u00e9ronique Buchs - salon de coiffure \u00e0 Vevey","og_url":"https:\/\/www.lacoifferie.ch\/?page_id=18672","og_site_name":"La Coifferie par V\u00e9ronique Buchs - salon de coiffure \u00e0 Vevey","article_publisher":"https:\/\/www.facebook.com\/lacoifferievevey","article_modified_time":"2017-09-12T13:42:29+00:00","twitter_card":"summary_large_image","twitter_misc":{"Dur\u00e9e de lecture estim\u00e9e":"1 minute"},"schema":{"@context":"https:\/\/schema.org","@graph":[{"@type":"WebPage","@id":"https:\/\/www.lacoifferie.ch\/?page_id=18672","url":"https:\/\/www.lacoifferie.ch\/?page_id=18672","name":"Oxycur Platin - La Coifferie par V\u00e9ronique Buchs - salon de coiffure \u00e0 Vevey","isPartOf":{"@id":"https:\/\/www.lacoifferie.ch\/#website"},"datePublished":"2017-09-12T13:40:03+00:00","dateModified":"2017-09-12T13:42:29+00:00","breadcrumb":{"@id":"https:\/\/www.lacoifferie.ch\/?page_id=18672#breadcrumb"},"inLanguage":"fr-FR","potentialAction":[{"@type":"ReadAction","target":["https:\/\/www.lacoifferie.ch\/?page_id=18672"]}]},{"@type":"BreadcrumbList","@id":"https:\/\/www.lacoifferie.ch\/?page_id=18672#breadcrumb","itemListElement":[{"@type":"ListItem","position":1,"name":"Accueil","item":"https:\/\/www.lacoifferie.ch\/"},{"@type":"ListItem","position":2,"name":"Oxycur Platin"}]},{"@type":"WebSite","@id":"https:\/\/www.lacoifferie.ch\/#website","url":"https:\/\/www.lacoifferie.ch\/","name":"La Coifferie par V\u00e9ronique Buchs - salon de coiffure \u00e0 Vevey","description":"Pour votre bien \u00eatre ...","publisher":{"@id":"https:\/\/www.lacoifferie.ch\/#organization"},"potentialAction":[{"@type":"SearchAction","target":{"@type":"EntryPoint","urlTemplate":"https:\/\/www.lacoifferie.ch\/?s={search_term_string}"},"query-input":{"@type":"PropertyValueSpecification","valueRequired":true,"valueName":"search_term_string"}}],"inLanguage":"fr-FR"},{"@type":"Organization","@id":"https:\/\/www.lacoifferie.ch\/#organization","name":"La Coifferie par V\u00e9ronique Buchs - salon de coiffure \u00e0 Vevey","url":"https:\/\/www.lacoifferie.ch\/","logo":{"@type":"ImageObject","inLanguage":"fr-FR","@id":"https:\/\/www.lacoifferie.ch\/#\/schema\/logo\/image\/","url":"https:\/\/www.lacoifferie.ch\/new\/wp-content\/uploads\/2014\/09\/logo2017_black-1.png","contentUrl":"https:\/\/www.lacoifferie.ch\/new\/wp-content\/uploads\/2014\/09\/logo2017_black-1.png","width":376,"height":190,"caption":"La Coifferie par V\u00e9ronique Buchs - salon de coiffure \u00e0 Vevey"},"image":{"@id":"https:\/\/www.lacoifferie.ch\/#\/schema\/logo\/image\/"},"sameAs":["https:\/\/www.facebook.com\/lacoifferievevey","https:\/\/www.instagram.com\/lacoifferievevey\/"]}]}},"_links":{"self":[{"href":"https:\/\/www.lacoifferie.ch\/index.php?rest_route=\/wp\/v2\/pages\/18672","targetHints":{"allow":["GET"]}}],"collection":[{"href":"https:\/\/www.lacoifferie.ch\/index.php?rest_route=\/wp\/v2\/pages"}],"about":[{"href":"https:\/\/www.lacoifferie.ch\/index.php?rest_route=\/wp\/v2\/types\/page"}],"author":[{"embeddable":true,"href":"https:\/\/www.lacoifferie.ch\/index.php?rest_route=\/wp\/v2\/users\/3"}],"replies":[{"embeddable":true,"href":"https:\/\/www.lacoifferie.ch\/index.php?rest_route=%2Fwp%2Fv2%2Fcomments&post=18672"}],"version-history":[{"count":4,"href":"https:\/\/www.lacoifferie.ch\/index.php?rest_route=\/wp\/v2\/pages\/18672\/revisions"}],"predecessor-version":[{"id":18679,"href":"https:\/\/www.lacoifferie.ch\/index.php?rest_route=\/wp\/v2\/pages\/18672\/revisions\/18679"}],"wp:attachment":[{"href":"https:\/\/www.lacoifferie.ch\/index.php?rest_route=%2Fwp%2Fv2%2Fmedia&parent=18672"}],"curies":[{"name":"wp","href":"https:\/\/api.w.org\/{rel}","templated":true}]}}