{"id":18962,"date":"2018-01-26T20:16:04","date_gmt":"2018-01-26T18:16:04","guid":{"rendered":"https:\/\/www.lacoifferie.ch\/?page_id=18962"},"modified":"2018-01-26T20:16:04","modified_gmt":"2018-01-26T18:16:04","slug":"inner-effect-2","status":"publish","type":"page","link":"https:\/\/www.lacoifferie.ch\/?page_id=18962","title":{"rendered":"Dual Sense"},"content":{"rendered":"<div class=\"wpb-content-wrapper\"><div class=\"vc_row wpb_row section \" style=' text-align:left;'><div class=\" full_section_inner clearfix\"><div class=\"wpb_column vc_column_container vc_col-sm-12\"><div class=\"vc_column-inner\"><div class=\"wpb_wrapper\">\n\t<div class=\"wpb_single_image wpb_content_element vc_align_center\">\n\t\t<div class=\"wpb_wrapper\">\n\t\t\t\n\t\t\t<div class=\"vc_single_image-wrapper   vc_box_border_grey\"><img loading=\"lazy\" decoding=\"async\" width=\"397\" height=\"397\" src=\"https:\/\/www.lacoifferie.ch\/new\/wp-content\/uploads\/2018\/01\/dual-sense-gamme.jpg\" class=\"vc_single_image-img attachment-full\" alt=\"\" title=\"dual-sense-gamme\" srcset=\"https:\/\/www.lacoifferie.ch\/new\/wp-content\/uploads\/2018\/01\/dual-sense-gamme.jpg 397w, https:\/\/www.lacoifferie.ch\/new\/wp-content\/uploads\/2018\/01\/dual-sense-gamme-150x150.jpg 150w, https:\/\/www.lacoifferie.ch\/new\/wp-content\/uploads\/2018\/01\/dual-sense-gamme-300x300.jpg 300w, https:\/\/www.lacoifferie.ch\/new\/wp-content\/uploads\/2018\/01\/dual-sense-gamme-85x85.jpg 85w\" sizes=\"auto, (max-width: 397px) 100vw, 397px\" \/><\/div>\n\t\t<\/div>\n\t<\/div>\n<div class=\"vc_empty_space\"   style=\"height: 20px\"><span class=\"vc_empty_space_inner\"><\/span><\/div>\n\t<div class=\"wpb_text_column wpb_content_element \">\n\t\t<div class=\"wpb_wrapper\">\n\t\t\t<div class=\"row text\" style=\"text-align: center;\">\n<div class=\"col-md-12\">\n<h1>DUALSENSES<\/h1>\n<p class=\"bodytext\">DES CHEVEUX SUBLIMES ENTRE VOS MAINS<\/p>\n<\/div>\n<\/div>\n\n\t\t<\/div> \n\t<\/div> <div class=\"vc_empty_space\"   style=\"height: 20px\"><span class=\"vc_empty_space_inner\"><\/span><\/div>\n\t<div class=\"wpb_text_column wpb_content_element \">\n\t\t<div class=\"wpb_wrapper\">\n\t\t\t<div class=\"row text\" style=\"text-align: center;\">\n<div class=\"col-md-12\">\n<h2>D\u00c9COUVREZ LE MEILLEUR DE DUALSENSES<\/h2>\n<p class=\"bodytext\">\u00a0\u2022 Elle assure des r\u00e9sultats instantan\u00e9s \u2013 \u00e0 la vue comme au toucher.<\/p>\n<p>\u2022 Une protection de la couleur est d\u00e9sormais int\u00e9gr\u00e9e dans tous les produits<\/p>\n<p>\u2022 Une technologie in\u00e9dite pour une luminosit\u00e9 exceptionnelle<\/p>\n<p>\u2022 Parfums modernes<\/p>\n<\/div>\n<\/div>\n\n\t\t<\/div> \n\t<\/div> <div class=\"vc_empty_space\"   style=\"height: 20px\"><span class=\"vc_empty_space_inner\"><\/span><\/div><\/div><\/div><\/div><\/div><\/div><div     class=\"vc_row wpb_row section  grid_section\" style=' text-align:center;'><div class=\" section_inner clearfix\"><div class='section_inner_margin clearfix'><div class=\"wpb_column vc_column_container vc_col-sm-12\"><div class=\"vc_column-inner\"><div class=\"wpb_wrapper\">\n\t<div class=\"wpb_text_column wpb_content_element \">\n\t\t<div class=\"wpb_wrapper\">\n\t\t\t<p><img loading=\"lazy\" decoding=\"async\" class=\"size-full wp-image-18965 aligncenter\" src=\"https:\/\/www.lacoifferie.ch\/new\/wp-content\/uploads\/2018\/01\/goldwell_dualsenses_banner_1200x300.jpg\" alt=\"\" width=\"1200\" height=\"300\" srcset=\"https:\/\/www.lacoifferie.ch\/new\/wp-content\/uploads\/2018\/01\/goldwell_dualsenses_banner_1200x300.jpg 1200w, https:\/\/www.lacoifferie.ch\/new\/wp-content\/uploads\/2018\/01\/goldwell_dualsenses_banner_1200x300-300x75.jpg 300w, https:\/\/www.lacoifferie.ch\/new\/wp-content\/uploads\/2018\/01\/goldwell_dualsenses_banner_1200x300-768x192.jpg 768w, https:\/\/www.lacoifferie.ch\/new\/wp-content\/uploads\/2018\/01\/goldwell_dualsenses_banner_1200x300-1024x256.jpg 1024w, https:\/\/www.lacoifferie.ch\/new\/wp-content\/uploads\/2018\/01\/goldwell_dualsenses_banner_1200x300-600x150.jpg 600w\" sizes=\"auto, (max-width: 1200px) 100vw, 1200px\" \/><\/p>\n\n\t\t<\/div> \n\t<\/div> <div class=\"vc_empty_space\"   style=\"height: 20px\"><span class=\"vc_empty_space_inner\"><\/span><\/div><\/div><\/div><\/div><\/div><\/div><\/div>\n<\/div>","protected":false},"excerpt":{"rendered":"DUALSENSES DES CHEVEUX SUBLIMES ENTRE VOS MAINS D\u00c9COUVREZ LE MEILLEUR DE DUALSENSES \u00a0\u2022 Elle assure des r\u00e9sultats instantan\u00e9s \u2013 \u00e0 la vue comme au toucher. \u2022 Une protection de la couleur est d\u00e9sormais int\u00e9gr\u00e9e dans tous les produits \u2022 Une technologie in\u00e9dite pour une luminosit\u00e9...","protected":false},"author":3,"featured_media":0,"parent":0,"menu_order":0,"comment_status":"open","ping_status":"open","template":"","meta":{"footnotes":""},"class_list":["post-18962","page","type-page","status-publish","hentry"],"yoast_head":"<!-- This site is optimized with the Yoast SEO plugin v27.1.1 - https:\/\/yoast.com\/product\/yoast-seo-wordpress\/ -->\n<title>Dual Sense - La Coifferie par V\u00e9ronique Buchs - salon de coiffure \u00e0 Vevey<\/title>\n<meta name=\"robots\" content=\"index, follow, max-snippet:-1, max-image-preview:large, max-video-preview:-1\" \/>\n<link rel=\"canonical\" href=\"https:\/\/www.lacoifferie.ch\/?page_id=18962\" \/>\n<meta property=\"og:locale\" content=\"fr_FR\" \/>\n<meta property=\"og:type\" content=\"article\" \/>\n<meta property=\"og:title\" content=\"Dual Sense - La Coifferie par V\u00e9ronique Buchs - salon de coiffure \u00e0 Vevey\" \/>\n<meta property=\"og:url\" content=\"https:\/\/www.lacoifferie.ch\/?page_id=18962\" \/>\n<meta property=\"og:site_name\" content=\"La Coifferie par V\u00e9ronique Buchs - salon de coiffure \u00e0 Vevey\" \/>\n<meta property=\"article:publisher\" content=\"https:\/\/www.facebook.com\/lacoifferievevey\" \/>\n<meta property=\"og:image\" content=\"https:\/\/www.lacoifferie.ch\/new\/wp-content\/uploads\/2018\/01\/goldwell_dualsenses_banner_1200x300.jpg\" \/>\n<meta name=\"twitter:card\" content=\"summary_large_image\" \/>\n<meta name=\"twitter:label1\" content=\"Dur\u00e9e de lecture estim\u00e9e\" \/>\n\t<meta name=\"twitter:data1\" content=\"1 minute\" \/>\n<script type=\"application\/ld+json\" class=\"yoast-schema-graph\">{\"@context\":\"https:\/\/schema.org\",\"@graph\":[{\"@type\":\"WebPage\",\"@id\":\"https:\/\/www.lacoifferie.ch\/?page_id=18962\",\"url\":\"https:\/\/www.lacoifferie.ch\/?page_id=18962\",\"name\":\"Dual Sense - La Coifferie par V\u00e9ronique Buchs - salon de coiffure \u00e0 Vevey\",\"isPartOf\":{\"@id\":\"https:\/\/www.lacoifferie.ch\/#website\"},\"primaryImageOfPage\":{\"@id\":\"https:\/\/www.lacoifferie.ch\/?page_id=18962#primaryimage\"},\"image\":{\"@id\":\"https:\/\/www.lacoifferie.ch\/?page_id=18962#primaryimage\"},\"thumbnailUrl\":\"https:\/\/www.lacoifferie.ch\/new\/wp-content\/uploads\/2018\/01\/goldwell_dualsenses_banner_1200x300.jpg\",\"datePublished\":\"2018-01-26T18:16:04+00:00\",\"breadcrumb\":{\"@id\":\"https:\/\/www.lacoifferie.ch\/?page_id=18962#breadcrumb\"},\"inLanguage\":\"fr-FR\",\"potentialAction\":[{\"@type\":\"ReadAction\",\"target\":[\"https:\/\/www.lacoifferie.ch\/?page_id=18962\"]}]},{\"@type\":\"ImageObject\",\"inLanguage\":\"fr-FR\",\"@id\":\"https:\/\/www.lacoifferie.ch\/?page_id=18962#primaryimage\",\"url\":\"https:\/\/www.lacoifferie.ch\/new\/wp-content\/uploads\/2018\/01\/goldwell_dualsenses_banner_1200x300.jpg\",\"contentUrl\":\"https:\/\/www.lacoifferie.ch\/new\/wp-content\/uploads\/2018\/01\/goldwell_dualsenses_banner_1200x300.jpg\",\"width\":1200,\"height\":300},{\"@type\":\"BreadcrumbList\",\"@id\":\"https:\/\/www.lacoifferie.ch\/?page_id=18962#breadcrumb\",\"itemListElement\":[{\"@type\":\"ListItem\",\"position\":1,\"name\":\"Accueil\",\"item\":\"https:\/\/www.lacoifferie.ch\/\"},{\"@type\":\"ListItem\",\"position\":2,\"name\":\"Dual Sense\"}]},{\"@type\":\"WebSite\",\"@id\":\"https:\/\/www.lacoifferie.ch\/#website\",\"url\":\"https:\/\/www.lacoifferie.ch\/\",\"name\":\"La Coifferie par V\u00e9ronique Buchs - salon de coiffure \u00e0 Vevey\",\"description\":\"Pour votre bien \u00eatre ...\",\"publisher\":{\"@id\":\"https:\/\/www.lacoifferie.ch\/#organization\"},\"potentialAction\":[{\"@type\":\"SearchAction\",\"target\":{\"@type\":\"EntryPoint\",\"urlTemplate\":\"https:\/\/www.lacoifferie.ch\/?s={search_term_string}\"},\"query-input\":{\"@type\":\"PropertyValueSpecification\",\"valueRequired\":true,\"valueName\":\"search_term_string\"}}],\"inLanguage\":\"fr-FR\"},{\"@type\":\"Organization\",\"@id\":\"https:\/\/www.lacoifferie.ch\/#organization\",\"name\":\"La Coifferie par V\u00e9ronique Buchs - salon de coiffure \u00e0 Vevey\",\"url\":\"https:\/\/www.lacoifferie.ch\/\",\"logo\":{\"@type\":\"ImageObject\",\"inLanguage\":\"fr-FR\",\"@id\":\"https:\/\/www.lacoifferie.ch\/#\/schema\/logo\/image\/\",\"url\":\"https:\/\/www.lacoifferie.ch\/new\/wp-content\/uploads\/2014\/09\/logo2017_black-1.png\",\"contentUrl\":\"https:\/\/www.lacoifferie.ch\/new\/wp-content\/uploads\/2014\/09\/logo2017_black-1.png\",\"width\":376,\"height\":190,\"caption\":\"La Coifferie par V\u00e9ronique Buchs - salon de coiffure \u00e0 Vevey\"},\"image\":{\"@id\":\"https:\/\/www.lacoifferie.ch\/#\/schema\/logo\/image\/\"},\"sameAs\":[\"https:\/\/www.facebook.com\/lacoifferievevey\",\"https:\/\/www.instagram.com\/lacoifferievevey\/\"]}]}<\/script>\n<!-- \/ Yoast SEO plugin. -->","yoast_head_json":{"title":"Dual Sense - La Coifferie par V\u00e9ronique Buchs - salon de coiffure \u00e0 Vevey","robots":{"index":"index","follow":"follow","max-snippet":"max-snippet:-1","max-image-preview":"max-image-preview:large","max-video-preview":"max-video-preview:-1"},"canonical":"https:\/\/www.lacoifferie.ch\/?page_id=18962","og_locale":"fr_FR","og_type":"article","og_title":"Dual Sense - La Coifferie par V\u00e9ronique Buchs - salon de coiffure \u00e0 Vevey","og_url":"https:\/\/www.lacoifferie.ch\/?page_id=18962","og_site_name":"La Coifferie par V\u00e9ronique Buchs - salon de coiffure \u00e0 Vevey","article_publisher":"https:\/\/www.facebook.com\/lacoifferievevey","og_image":[{"url":"https:\/\/www.lacoifferie.ch\/new\/wp-content\/uploads\/2018\/01\/goldwell_dualsenses_banner_1200x300.jpg","type":"","width":"","height":""}],"twitter_card":"summary_large_image","twitter_misc":{"Dur\u00e9e de lecture estim\u00e9e":"1 minute"},"schema":{"@context":"https:\/\/schema.org","@graph":[{"@type":"WebPage","@id":"https:\/\/www.lacoifferie.ch\/?page_id=18962","url":"https:\/\/www.lacoifferie.ch\/?page_id=18962","name":"Dual Sense - La Coifferie par V\u00e9ronique Buchs - salon de coiffure \u00e0 Vevey","isPartOf":{"@id":"https:\/\/www.lacoifferie.ch\/#website"},"primaryImageOfPage":{"@id":"https:\/\/www.lacoifferie.ch\/?page_id=18962#primaryimage"},"image":{"@id":"https:\/\/www.lacoifferie.ch\/?page_id=18962#primaryimage"},"thumbnailUrl":"https:\/\/www.lacoifferie.ch\/new\/wp-content\/uploads\/2018\/01\/goldwell_dualsenses_banner_1200x300.jpg","datePublished":"2018-01-26T18:16:04+00:00","breadcrumb":{"@id":"https:\/\/www.lacoifferie.ch\/?page_id=18962#breadcrumb"},"inLanguage":"fr-FR","potentialAction":[{"@type":"ReadAction","target":["https:\/\/www.lacoifferie.ch\/?page_id=18962"]}]},{"@type":"ImageObject","inLanguage":"fr-FR","@id":"https:\/\/www.lacoifferie.ch\/?page_id=18962#primaryimage","url":"https:\/\/www.lacoifferie.ch\/new\/wp-content\/uploads\/2018\/01\/goldwell_dualsenses_banner_1200x300.jpg","contentUrl":"https:\/\/www.lacoifferie.ch\/new\/wp-content\/uploads\/2018\/01\/goldwell_dualsenses_banner_1200x300.jpg","width":1200,"height":300},{"@type":"BreadcrumbList","@id":"https:\/\/www.lacoifferie.ch\/?page_id=18962#breadcrumb","itemListElement":[{"@type":"ListItem","position":1,"name":"Accueil","item":"https:\/\/www.lacoifferie.ch\/"},{"@type":"ListItem","position":2,"name":"Dual Sense"}]},{"@type":"WebSite","@id":"https:\/\/www.lacoifferie.ch\/#website","url":"https:\/\/www.lacoifferie.ch\/","name":"La Coifferie par V\u00e9ronique Buchs - salon de coiffure \u00e0 Vevey","description":"Pour votre bien \u00eatre ...","publisher":{"@id":"https:\/\/www.lacoifferie.ch\/#organization"},"potentialAction":[{"@type":"SearchAction","target":{"@type":"EntryPoint","urlTemplate":"https:\/\/www.lacoifferie.ch\/?s={search_term_string}"},"query-input":{"@type":"PropertyValueSpecification","valueRequired":true,"valueName":"search_term_string"}}],"inLanguage":"fr-FR"},{"@type":"Organization","@id":"https:\/\/www.lacoifferie.ch\/#organization","name":"La Coifferie par V\u00e9ronique Buchs - salon de coiffure \u00e0 Vevey","url":"https:\/\/www.lacoifferie.ch\/","logo":{"@type":"ImageObject","inLanguage":"fr-FR","@id":"https:\/\/www.lacoifferie.ch\/#\/schema\/logo\/image\/","url":"https:\/\/www.lacoifferie.ch\/new\/wp-content\/uploads\/2014\/09\/logo2017_black-1.png","contentUrl":"https:\/\/www.lacoifferie.ch\/new\/wp-content\/uploads\/2014\/09\/logo2017_black-1.png","width":376,"height":190,"caption":"La Coifferie par V\u00e9ronique Buchs - salon de coiffure \u00e0 Vevey"},"image":{"@id":"https:\/\/www.lacoifferie.ch\/#\/schema\/logo\/image\/"},"sameAs":["https:\/\/www.facebook.com\/lacoifferievevey","https:\/\/www.instagram.com\/lacoifferievevey\/"]}]}},"_links":{"self":[{"href":"https:\/\/www.lacoifferie.ch\/index.php?rest_route=\/wp\/v2\/pages\/18962","targetHints":{"allow":["GET"]}}],"collection":[{"href":"https:\/\/www.lacoifferie.ch\/index.php?rest_route=\/wp\/v2\/pages"}],"about":[{"href":"https:\/\/www.lacoifferie.ch\/index.php?rest_route=\/wp\/v2\/types\/page"}],"author":[{"embeddable":true,"href":"https:\/\/www.lacoifferie.ch\/index.php?rest_route=\/wp\/v2\/users\/3"}],"replies":[{"embeddable":true,"href":"https:\/\/www.lacoifferie.ch\/index.php?rest_route=%2Fwp%2Fv2%2Fcomments&post=18962"}],"version-history":[{"count":3,"href":"https:\/\/www.lacoifferie.ch\/index.php?rest_route=\/wp\/v2\/pages\/18962\/revisions"}],"predecessor-version":[{"id":18967,"href":"https:\/\/www.lacoifferie.ch\/index.php?rest_route=\/wp\/v2\/pages\/18962\/revisions\/18967"}],"wp:attachment":[{"href":"https:\/\/www.lacoifferie.ch\/index.php?rest_route=%2Fwp%2Fv2%2Fmedia&parent=18962"}],"curies":[{"name":"wp","href":"https:\/\/api.w.org\/{rel}","templated":true}]}}