{"id":19078,"date":"2018-07-24T13:58:42","date_gmt":"2018-07-24T11:58:42","guid":{"rendered":"https:\/\/www.lacoifferie.ch\/?page_id=19078"},"modified":"2023-12-08T16:18:20","modified_gmt":"2023-12-08T14:18:20","slug":"kerasilk-by-goldwell-3-2","status":"publish","type":"page","link":"https:\/\/www.lacoifferie.ch\/?page_id=19078","title":{"rendered":"Davines"},"content":{"rendered":"<div class=\"wpb-content-wrapper\"><div class=\"vc_row wpb_row section \" style=' text-align:left;'><div class=\" full_section_inner clearfix\"><div class=\"wpb_column vc_column_container vc_col-sm-12\"><div class=\"vc_column-inner\"><div class=\"wpb_wrapper\">\n\t<div class=\"wpb_single_image wpb_content_element vc_align_center\">\n\t\t<div class=\"wpb_wrapper\">\n\t\t\t\n\t\t\t<div class=\"vc_single_image-wrapper   vc_box_border_grey\"><img loading=\"lazy\" decoding=\"async\" width=\"300\" height=\"98\" src=\"https:\/\/www.lacoifferie.ch\/new\/wp-content\/uploads\/2018\/07\/Davines_logo_black-806x262-300x98.png\" class=\"vc_single_image-img attachment-medium\" alt=\"\" title=\"Davines_logo_black-806x262\" srcset=\"https:\/\/www.lacoifferie.ch\/new\/wp-content\/uploads\/2018\/07\/Davines_logo_black-806x262-300x98.png 300w, https:\/\/www.lacoifferie.ch\/new\/wp-content\/uploads\/2018\/07\/Davines_logo_black-806x262-768x250.png 768w, https:\/\/www.lacoifferie.ch\/new\/wp-content\/uploads\/2018\/07\/Davines_logo_black-806x262-600x195.png 600w, https:\/\/www.lacoifferie.ch\/new\/wp-content\/uploads\/2018\/07\/Davines_logo_black-806x262.png 806w\" sizes=\"auto, (max-width: 300px) 100vw, 300px\" \/><\/div>\n\t\t<\/div>\n\t<\/div>\n\n\t<div class=\"wpb_text_column wpb_content_element \">\n\t\t<div class=\"wpb_wrapper\">\n\t\t\t<h3 style=\"text-align: center;\">\u201c<em>Faire de notre mieux pour le monde, en cr\u00e9ant une vie de qualit\u00e9 pour tous, \u00e0 travers la beaut\u00e9, l&rsquo;\u00e9thique et la durabilit\u00e9.<\/em>\u201d<\/h3>\n\n\t\t<\/div> \n\t<\/div> <div class=\"vc_empty_space\"   style=\"height: 20px\"><span class=\"vc_empty_space_inner\"><\/span><\/div>\n\t<div class=\"wpb_video_widget wpb_content_element vc_clearfix   vc_video-aspect-ratio-169 vc_video-el-width-100 vc_video-align-center\" >\n\t\t<div class=\"wpb_wrapper\">\n\t\t\t\n\t\t\t<div class=\"wpb_video_wrapper\"><iframe loading=\"lazy\" title=\"IN BALANCE \/ WITH NATURE\" width=\"500\" height=\"281\" src=\"https:\/\/www.youtube.com\/embed\/WwZ2H_ky0DM?feature=oembed\" frameborder=\"0\" allow=\"accelerometer; autoplay; clipboard-write; encrypted-media; gyroscope; picture-in-picture; web-share\" referrerpolicy=\"strict-origin-when-cross-origin\" allowfullscreen><\/iframe><\/div>\n\t\t<\/div>\n\t<\/div>\n<div class=\"vc_empty_space\"   style=\"height: 20px\"><span class=\"vc_empty_space_inner\"><\/span><\/div><\/div><\/div><\/div><\/div><\/div><div     class=\"vc_row wpb_row section \" style=' text-align:left;'><div class=\" full_section_inner clearfix\"><div class=\"wpb_column vc_column_container vc_col-sm-6\"><div class=\"vc_column-inner\"><div class=\"wpb_wrapper\"><div class=\"vc_empty_space\"   style=\"height: 20px\"><span class=\"vc_empty_space_inner\"><\/span><\/div>\n\t<div class=\"wpb_text_column wpb_content_element \">\n\t\t<div class=\"wpb_wrapper\">\n\t\t\t<h3 style=\"text-align: center;\">ESSENTIAL HAIRCARE<\/h3>\n<p style=\"text-align: center;\">Chacune de nos\u00a0<strong>neuf familles\u00a0 <\/strong>joue un r\u00f4le sp\u00e9cifique\u00a0:\u00a0<strong>nutriment, hydratation, volume, brillance, protection, \u00e9lasticit\u00e9, douceur et soin quotidien.<\/strong><\/p>\n\n\t\t<\/div> \n\t<\/div> <div class=\"vc_empty_space\"   style=\"height: 20px\"><span class=\"vc_empty_space_inner\"><\/span><\/div>\n\t<div class=\"wpb_single_image wpb_content_element vc_align_center\">\n\t\t<div class=\"wpb_wrapper\">\n\t\t\t\n\t\t\t<div class=\"vc_single_image-wrapper   vc_box_border_grey\"><img loading=\"lazy\" decoding=\"async\" width=\"834\" height=\"464\" src=\"https:\/\/www.lacoifferie.ch\/new\/wp-content\/uploads\/2023\/12\/shampoo004-ok.jpg\" class=\"vc_single_image-img attachment-full\" alt=\"\" title=\"shampoo004-ok\" srcset=\"https:\/\/www.lacoifferie.ch\/new\/wp-content\/uploads\/2023\/12\/shampoo004-ok.jpg 834w, https:\/\/www.lacoifferie.ch\/new\/wp-content\/uploads\/2023\/12\/shampoo004-ok-300x167.jpg 300w, https:\/\/www.lacoifferie.ch\/new\/wp-content\/uploads\/2023\/12\/shampoo004-ok-768x427.jpg 768w\" sizes=\"auto, (max-width: 834px) 100vw, 834px\" \/><\/div>\n\t\t<\/div>\n\t<\/div>\n<div class=\"vc_empty_space\"   style=\"height: 20px\"><span class=\"vc_empty_space_inner\"><\/span><\/div><\/div><\/div><\/div><div class=\"wpb_column vc_column_container vc_col-sm-6\"><div class=\"vc_column-inner\"><div class=\"wpb_wrapper\"><div class=\"vc_empty_space\"   style=\"height: 20px\"><span class=\"vc_empty_space_inner\"><\/span><\/div>\n\t<div class=\"wpb_text_column wpb_content_element \">\n\t\t<div class=\"wpb_wrapper\">\n\t\t\t<h3 class=\"visual-inner__title dav-title-block\" style=\"text-align: center;\">ALCHEMIC<\/h3>\n<p style=\"text-align: center;\">Alchemic est un syst\u00e8me de\u00a0<strong>shampoings<\/strong>\u00a0et de\u00a0<strong>conditionneurs<\/strong>\u00a0\u00e0 base de pigments purs, en mesure d&rsquo;intensifier et d&rsquo;illuminer soit la couleur naturelle que la couleur cosm\u00e9tique.<\/p>\n\n\t\t<\/div> \n\t<\/div> <div class=\"vc_empty_space\"   style=\"height: 20px\"><span class=\"vc_empty_space_inner\"><\/span><\/div>\n\t<div class=\"wpb_single_image wpb_content_element vc_align_center\">\n\t\t<div class=\"wpb_wrapper\">\n\t\t\t\n\t\t\t<div class=\"vc_single_image-wrapper   vc_box_border_grey\"><img loading=\"lazy\" decoding=\"async\" width=\"834\" height=\"464\" src=\"https:\/\/www.lacoifferie.ch\/new\/wp-content\/uploads\/2023\/12\/shampoo004-ok3.jpg\" class=\"vc_single_image-img attachment-full\" alt=\"\" title=\"shampoo004-ok3\" srcset=\"https:\/\/www.lacoifferie.ch\/new\/wp-content\/uploads\/2023\/12\/shampoo004-ok3.jpg 834w, https:\/\/www.lacoifferie.ch\/new\/wp-content\/uploads\/2023\/12\/shampoo004-ok3-300x167.jpg 300w, https:\/\/www.lacoifferie.ch\/new\/wp-content\/uploads\/2023\/12\/shampoo004-ok3-768x427.jpg 768w\" sizes=\"auto, (max-width: 834px) 100vw, 834px\" \/><\/div>\n\t\t<\/div>\n\t<\/div>\n<div class=\"vc_empty_space\"   style=\"height: 20px\"><span class=\"vc_empty_space_inner\"><\/span><\/div><\/div><\/div><\/div><\/div><\/div><div     class=\"vc_row wpb_row section \" style=' text-align:left;'><div class=\" full_section_inner clearfix\"><div class=\"wpb_column vc_column_container vc_col-sm-6\"><div class=\"vc_column-inner\"><div class=\"wpb_wrapper\"><div class=\"vc_empty_space\"   style=\"height: 20px\"><span class=\"vc_empty_space_inner\"><\/span><\/div>\n\t<div class=\"wpb_text_column wpb_content_element \">\n\t\t<div class=\"wpb_wrapper\">\n\t\t\t<h3 class=\"visual-inner__title dav-title-block\" style=\"text-align: center;\">HEART OF GLASS<\/h3>\n<p style=\"text-align: center;\">Brillants, vivants, irr\u00e9v\u00e9rents\u00a0: pour prot\u00e9ger leur vigueur et leur beaut\u00e9 naturelle,\u00a0<strong>les cheveux blonds exigent des soins et une attention toute particuli\u00e8re.<\/strong><\/p>\n\n\t\t<\/div> \n\t<\/div> <div class=\"vc_empty_space\"   style=\"height: 20px\"><span class=\"vc_empty_space_inner\"><\/span><\/div>\n\t<div class=\"wpb_single_image wpb_content_element vc_align_center\">\n\t\t<div class=\"wpb_wrapper\">\n\t\t\t\n\t\t\t<div class=\"vc_single_image-wrapper   vc_box_border_grey\"><img loading=\"lazy\" decoding=\"async\" width=\"834\" height=\"464\" src=\"https:\/\/www.lacoifferie.ch\/new\/wp-content\/uploads\/2023\/12\/shampoo004-ok4.jpg\" class=\"vc_single_image-img attachment-full\" alt=\"\" title=\"shampoo004-ok4\" srcset=\"https:\/\/www.lacoifferie.ch\/new\/wp-content\/uploads\/2023\/12\/shampoo004-ok4.jpg 834w, https:\/\/www.lacoifferie.ch\/new\/wp-content\/uploads\/2023\/12\/shampoo004-ok4-300x167.jpg 300w, https:\/\/www.lacoifferie.ch\/new\/wp-content\/uploads\/2023\/12\/shampoo004-ok4-768x427.jpg 768w\" sizes=\"auto, (max-width: 834px) 100vw, 834px\" \/><\/div>\n\t\t<\/div>\n\t<\/div>\n<div class=\"vc_empty_space\"   style=\"height: 20px\"><span class=\"vc_empty_space_inner\"><\/span><\/div><\/div><\/div><\/div><div class=\"wpb_column vc_column_container vc_col-sm-6\"><div class=\"vc_column-inner\"><div class=\"wpb_wrapper\"><div class=\"vc_empty_space\"   style=\"height: 20px\"><span class=\"vc_empty_space_inner\"><\/span><\/div>\n\t<div class=\"wpb_text_column wpb_content_element \">\n\t\t<div class=\"wpb_wrapper\">\n\t\t\t<h3 class=\"visual-inner__title dav-title-block\" style=\"text-align: center;\">MORE INSIDE<\/h3>\n<p style=\"text-align: center;\">More Inside est une\u00a0<strong>gamme de produits essentiels et \u00e9clectiques<\/strong>\u00a0pour la coiffure et tous les types de looks.<\/p>\n\n\t\t<\/div> \n\t<\/div> <div class=\"vc_empty_space\"   style=\"height: 20px\"><span class=\"vc_empty_space_inner\"><\/span><\/div>\n\t<div class=\"wpb_single_image wpb_content_element vc_align_center\">\n\t\t<div class=\"wpb_wrapper\">\n\t\t\t\n\t\t\t<div class=\"vc_single_image-wrapper   vc_box_border_grey\"><img loading=\"lazy\" decoding=\"async\" width=\"834\" height=\"464\" src=\"https:\/\/www.lacoifferie.ch\/new\/wp-content\/uploads\/2023\/12\/shampoo004-ok5.jpg\" class=\"vc_single_image-img attachment-full\" alt=\"\" title=\"shampoo004-ok5\" srcset=\"https:\/\/www.lacoifferie.ch\/new\/wp-content\/uploads\/2023\/12\/shampoo004-ok5.jpg 834w, https:\/\/www.lacoifferie.ch\/new\/wp-content\/uploads\/2023\/12\/shampoo004-ok5-300x167.jpg 300w, https:\/\/www.lacoifferie.ch\/new\/wp-content\/uploads\/2023\/12\/shampoo004-ok5-768x427.jpg 768w\" sizes=\"auto, (max-width: 834px) 100vw, 834px\" \/><\/div>\n\t\t<\/div>\n\t<\/div>\n<div class=\"vc_empty_space\"   style=\"height: 20px\"><span class=\"vc_empty_space_inner\"><\/span><\/div><\/div><\/div><\/div><\/div><\/div><div     class=\"vc_row wpb_row section \" style=' text-align:left;'><div class=\" full_section_inner clearfix\"><div class=\"wpb_column vc_column_container vc_col-sm-6\"><div class=\"vc_column-inner\"><div class=\"wpb_wrapper\"><div class=\"vc_empty_space\"   style=\"height: 20px\"><span class=\"vc_empty_space_inner\"><\/span><\/div>\n\t<div class=\"wpb_text_column wpb_content_element \">\n\t\t<div class=\"wpb_wrapper\">\n\t\t\t<h3 style=\"text-align: center;\">NATURAL TECH<\/h3>\n<p style=\"text-align: center;\">Que vous soyez confront\u00e9 \u00e0 un<strong>\u00a0cuir chevelu gras<\/strong>\u00a0ou<strong>\u00a0\u00e0 une tendance \u00e0 la chute des cheveux,<\/strong>les formules\u00a0<em>Naturaltech<\/em>\u00a0vous aideront \u00e0 faire<br \/>\nface aux probl\u00e8mes capillaires les plus courants.<\/p>\n\n\t\t<\/div> \n\t<\/div> <div class=\"vc_empty_space\"   style=\"height: 20px\"><span class=\"vc_empty_space_inner\"><\/span><\/div>\n\t<div class=\"wpb_single_image wpb_content_element vc_align_center\">\n\t\t<div class=\"wpb_wrapper\">\n\t\t\t\n\t\t\t<div class=\"vc_single_image-wrapper   vc_box_border_grey\"><img loading=\"lazy\" decoding=\"async\" width=\"834\" height=\"464\" src=\"https:\/\/www.lacoifferie.ch\/new\/wp-content\/uploads\/2023\/12\/shampoo004-ok7.jpg\" class=\"vc_single_image-img attachment-full\" alt=\"\" title=\"shampoo004-ok7\" srcset=\"https:\/\/www.lacoifferie.ch\/new\/wp-content\/uploads\/2023\/12\/shampoo004-ok7.jpg 834w, https:\/\/www.lacoifferie.ch\/new\/wp-content\/uploads\/2023\/12\/shampoo004-ok7-300x167.jpg 300w, https:\/\/www.lacoifferie.ch\/new\/wp-content\/uploads\/2023\/12\/shampoo004-ok7-768x427.jpg 768w\" sizes=\"auto, (max-width: 834px) 100vw, 834px\" \/><\/div>\n\t\t<\/div>\n\t<\/div>\n<div class=\"vc_empty_space\"   style=\"height: 20px\"><span class=\"vc_empty_space_inner\"><\/span><\/div><\/div><\/div><\/div><div class=\"wpb_column vc_column_container vc_col-sm-6\"><div class=\"vc_column-inner\"><div class=\"wpb_wrapper\"><div class=\"vc_empty_space\"   style=\"height: 20px\"><span class=\"vc_empty_space_inner\"><\/span><\/div>\n\t<div class=\"wpb_text_column wpb_content_element \">\n\t\t<div class=\"wpb_wrapper\">\n\t\t\t<h3 style=\"text-align: center;\">THE CIRCLE CHRONICLES<\/h3>\n<p style=\"text-align: center;\"><em>The Circle Chronicles<\/em>\u00a0est une ligne de masques pour cheveux pens\u00e9e pour la vie moderne.<\/p>\n<p style=\"text-align: center;\">Les 7 masques sp\u00e9ciaux pour cheveux de la ligne The Circle Chronicles offrent des\u00a0<strong>r\u00e9sultats rapides et cibl\u00e9s, en r\u00e9pondant \u00e0 tous les besoins<\/strong>, du nutriment profond de\u00a0<em>The Renaissance Circle<\/em>, \u00e0 l&rsquo;effet d\u00e9toxifiant de\u00a0<em>The Purity Circle<\/em>.<\/p>\n\n\t\t<\/div> \n\t<\/div> <div class=\"vc_empty_space\"   style=\"height: 20px\"><span class=\"vc_empty_space_inner\"><\/span><\/div>\n\t<div class=\"wpb_single_image wpb_content_element vc_align_center\">\n\t\t<div class=\"wpb_wrapper\">\n\t\t\t\n\t\t\t<div class=\"vc_single_image-wrapper   vc_box_border_grey\"><img loading=\"lazy\" decoding=\"async\" width=\"834\" height=\"464\" src=\"https:\/\/www.lacoifferie.ch\/new\/wp-content\/uploads\/2023\/12\/shampoo004-ok6.jpg\" class=\"vc_single_image-img attachment-full\" alt=\"\" title=\"shampoo004-ok6\" srcset=\"https:\/\/www.lacoifferie.ch\/new\/wp-content\/uploads\/2023\/12\/shampoo004-ok6.jpg 834w, https:\/\/www.lacoifferie.ch\/new\/wp-content\/uploads\/2023\/12\/shampoo004-ok6-300x167.jpg 300w, https:\/\/www.lacoifferie.ch\/new\/wp-content\/uploads\/2023\/12\/shampoo004-ok6-768x427.jpg 768w\" sizes=\"auto, (max-width: 834px) 100vw, 834px\" \/><\/div>\n\t\t<\/div>\n\t<\/div>\n<div class=\"vc_empty_space\"   style=\"height: 20px\"><span class=\"vc_empty_space_inner\"><\/span><\/div><\/div><\/div><\/div><\/div><\/div><div     class=\"vc_row wpb_row section \" style=' text-align:left;'><div class=\" full_section_inner clearfix\"><div class=\"wpb_column vc_column_container vc_col-sm-12\"><div class=\"vc_column-inner\"><div class=\"wpb_wrapper\"><div class=\"vc_empty_space\"   style=\"height: 20px\"><span class=\"vc_empty_space_inner\"><\/span><\/div><div class=\"vc_empty_space\"   style=\"height: 20px\"><span class=\"vc_empty_space_inner\"><\/span><\/div><div class=\"vc_empty_space\"   style=\"height: 20px\"><span class=\"vc_empty_space_inner\"><\/span><\/div><\/div><\/div><\/div><\/div><\/div>\n<\/div>","protected":false},"excerpt":{"rendered":"\u201cFaire de notre mieux pour le monde, en cr\u00e9ant une vie de qualit\u00e9 pour tous, \u00e0 travers la beaut\u00e9, l'\u00e9thique et la durabilit\u00e9.\u201d ESSENTIAL HAIRCARE Chacune de nos\u00a0neuf familles\u00a0 joue un r\u00f4le sp\u00e9cifique\u00a0:\u00a0nutriment, hydratation, volume, brillance, protection, \u00e9lasticit\u00e9, douceur et soin quotidien. ALCHEMIC Alchemic est...","protected":false},"author":3,"featured_media":0,"parent":0,"menu_order":0,"comment_status":"closed","ping_status":"open","template":"","meta":{"footnotes":""},"class_list":["post-19078","page","type-page","status-publish","hentry"],"yoast_head":"<!-- This site is optimized with the Yoast SEO plugin v27.1.1 - https:\/\/yoast.com\/product\/yoast-seo-wordpress\/ -->\n<title>Davines - La Coifferie par V\u00e9ronique Buchs - salon de coiffure \u00e0 Vevey<\/title>\n<meta name=\"robots\" content=\"index, follow, max-snippet:-1, max-image-preview:large, max-video-preview:-1\" \/>\n<link rel=\"canonical\" href=\"https:\/\/www.lacoifferie.ch\/?page_id=19078\" \/>\n<meta property=\"og:locale\" content=\"fr_FR\" \/>\n<meta property=\"og:type\" content=\"article\" \/>\n<meta property=\"og:title\" content=\"Davines - La Coifferie par V\u00e9ronique Buchs - salon de coiffure \u00e0 Vevey\" \/>\n<meta property=\"og:url\" content=\"https:\/\/www.lacoifferie.ch\/?page_id=19078\" \/>\n<meta property=\"og:site_name\" content=\"La Coifferie par V\u00e9ronique Buchs - salon de coiffure \u00e0 Vevey\" \/>\n<meta property=\"article:publisher\" content=\"https:\/\/www.facebook.com\/lacoifferievevey\" \/>\n<meta property=\"article:modified_time\" content=\"2023-12-08T14:18:20+00:00\" \/>\n<meta name=\"twitter:card\" content=\"summary_large_image\" \/>\n<meta name=\"twitter:label1\" content=\"Dur\u00e9e de lecture estim\u00e9e\" \/>\n\t<meta name=\"twitter:data1\" content=\"3 minutes\" \/>\n<script type=\"application\/ld+json\" class=\"yoast-schema-graph\">{\"@context\":\"https:\/\/schema.org\",\"@graph\":[{\"@type\":\"WebPage\",\"@id\":\"https:\/\/www.lacoifferie.ch\/?page_id=19078\",\"url\":\"https:\/\/www.lacoifferie.ch\/?page_id=19078\",\"name\":\"Davines - La Coifferie par V\u00e9ronique Buchs - salon de coiffure \u00e0 Vevey\",\"isPartOf\":{\"@id\":\"https:\/\/www.lacoifferie.ch\/#website\"},\"datePublished\":\"2018-07-24T11:58:42+00:00\",\"dateModified\":\"2023-12-08T14:18:20+00:00\",\"breadcrumb\":{\"@id\":\"https:\/\/www.lacoifferie.ch\/?page_id=19078#breadcrumb\"},\"inLanguage\":\"fr-FR\",\"potentialAction\":[{\"@type\":\"ReadAction\",\"target\":[\"https:\/\/www.lacoifferie.ch\/?page_id=19078\"]}]},{\"@type\":\"BreadcrumbList\",\"@id\":\"https:\/\/www.lacoifferie.ch\/?page_id=19078#breadcrumb\",\"itemListElement\":[{\"@type\":\"ListItem\",\"position\":1,\"name\":\"Accueil\",\"item\":\"https:\/\/www.lacoifferie.ch\/\"},{\"@type\":\"ListItem\",\"position\":2,\"name\":\"Davines\"}]},{\"@type\":\"WebSite\",\"@id\":\"https:\/\/www.lacoifferie.ch\/#website\",\"url\":\"https:\/\/www.lacoifferie.ch\/\",\"name\":\"La Coifferie par V\u00e9ronique Buchs - salon de coiffure \u00e0 Vevey\",\"description\":\"Pour votre bien \u00eatre ...\",\"publisher\":{\"@id\":\"https:\/\/www.lacoifferie.ch\/#organization\"},\"potentialAction\":[{\"@type\":\"SearchAction\",\"target\":{\"@type\":\"EntryPoint\",\"urlTemplate\":\"https:\/\/www.lacoifferie.ch\/?s={search_term_string}\"},\"query-input\":{\"@type\":\"PropertyValueSpecification\",\"valueRequired\":true,\"valueName\":\"search_term_string\"}}],\"inLanguage\":\"fr-FR\"},{\"@type\":\"Organization\",\"@id\":\"https:\/\/www.lacoifferie.ch\/#organization\",\"name\":\"La Coifferie par V\u00e9ronique Buchs - salon de coiffure \u00e0 Vevey\",\"url\":\"https:\/\/www.lacoifferie.ch\/\",\"logo\":{\"@type\":\"ImageObject\",\"inLanguage\":\"fr-FR\",\"@id\":\"https:\/\/www.lacoifferie.ch\/#\/schema\/logo\/image\/\",\"url\":\"https:\/\/www.lacoifferie.ch\/new\/wp-content\/uploads\/2014\/09\/logo2017_black-1.png\",\"contentUrl\":\"https:\/\/www.lacoifferie.ch\/new\/wp-content\/uploads\/2014\/09\/logo2017_black-1.png\",\"width\":376,\"height\":190,\"caption\":\"La Coifferie par V\u00e9ronique Buchs - salon de coiffure \u00e0 Vevey\"},\"image\":{\"@id\":\"https:\/\/www.lacoifferie.ch\/#\/schema\/logo\/image\/\"},\"sameAs\":[\"https:\/\/www.facebook.com\/lacoifferievevey\",\"https:\/\/www.instagram.com\/lacoifferievevey\/\"]}]}<\/script>\n<!-- \/ Yoast SEO plugin. -->","yoast_head_json":{"title":"Davines - La Coifferie par V\u00e9ronique Buchs - salon de coiffure \u00e0 Vevey","robots":{"index":"index","follow":"follow","max-snippet":"max-snippet:-1","max-image-preview":"max-image-preview:large","max-video-preview":"max-video-preview:-1"},"canonical":"https:\/\/www.lacoifferie.ch\/?page_id=19078","og_locale":"fr_FR","og_type":"article","og_title":"Davines - La Coifferie par V\u00e9ronique Buchs - salon de coiffure \u00e0 Vevey","og_url":"https:\/\/www.lacoifferie.ch\/?page_id=19078","og_site_name":"La Coifferie par V\u00e9ronique Buchs - salon de coiffure \u00e0 Vevey","article_publisher":"https:\/\/www.facebook.com\/lacoifferievevey","article_modified_time":"2023-12-08T14:18:20+00:00","twitter_card":"summary_large_image","twitter_misc":{"Dur\u00e9e de lecture estim\u00e9e":"3 minutes"},"schema":{"@context":"https:\/\/schema.org","@graph":[{"@type":"WebPage","@id":"https:\/\/www.lacoifferie.ch\/?page_id=19078","url":"https:\/\/www.lacoifferie.ch\/?page_id=19078","name":"Davines - La Coifferie par V\u00e9ronique Buchs - salon de coiffure \u00e0 Vevey","isPartOf":{"@id":"https:\/\/www.lacoifferie.ch\/#website"},"datePublished":"2018-07-24T11:58:42+00:00","dateModified":"2023-12-08T14:18:20+00:00","breadcrumb":{"@id":"https:\/\/www.lacoifferie.ch\/?page_id=19078#breadcrumb"},"inLanguage":"fr-FR","potentialAction":[{"@type":"ReadAction","target":["https:\/\/www.lacoifferie.ch\/?page_id=19078"]}]},{"@type":"BreadcrumbList","@id":"https:\/\/www.lacoifferie.ch\/?page_id=19078#breadcrumb","itemListElement":[{"@type":"ListItem","position":1,"name":"Accueil","item":"https:\/\/www.lacoifferie.ch\/"},{"@type":"ListItem","position":2,"name":"Davines"}]},{"@type":"WebSite","@id":"https:\/\/www.lacoifferie.ch\/#website","url":"https:\/\/www.lacoifferie.ch\/","name":"La Coifferie par V\u00e9ronique Buchs - salon de coiffure \u00e0 Vevey","description":"Pour votre bien \u00eatre ...","publisher":{"@id":"https:\/\/www.lacoifferie.ch\/#organization"},"potentialAction":[{"@type":"SearchAction","target":{"@type":"EntryPoint","urlTemplate":"https:\/\/www.lacoifferie.ch\/?s={search_term_string}"},"query-input":{"@type":"PropertyValueSpecification","valueRequired":true,"valueName":"search_term_string"}}],"inLanguage":"fr-FR"},{"@type":"Organization","@id":"https:\/\/www.lacoifferie.ch\/#organization","name":"La Coifferie par V\u00e9ronique Buchs - salon de coiffure \u00e0 Vevey","url":"https:\/\/www.lacoifferie.ch\/","logo":{"@type":"ImageObject","inLanguage":"fr-FR","@id":"https:\/\/www.lacoifferie.ch\/#\/schema\/logo\/image\/","url":"https:\/\/www.lacoifferie.ch\/new\/wp-content\/uploads\/2014\/09\/logo2017_black-1.png","contentUrl":"https:\/\/www.lacoifferie.ch\/new\/wp-content\/uploads\/2014\/09\/logo2017_black-1.png","width":376,"height":190,"caption":"La Coifferie par V\u00e9ronique Buchs - salon de coiffure \u00e0 Vevey"},"image":{"@id":"https:\/\/www.lacoifferie.ch\/#\/schema\/logo\/image\/"},"sameAs":["https:\/\/www.facebook.com\/lacoifferievevey","https:\/\/www.instagram.com\/lacoifferievevey\/"]}]}},"_links":{"self":[{"href":"https:\/\/www.lacoifferie.ch\/index.php?rest_route=\/wp\/v2\/pages\/19078","targetHints":{"allow":["GET"]}}],"collection":[{"href":"https:\/\/www.lacoifferie.ch\/index.php?rest_route=\/wp\/v2\/pages"}],"about":[{"href":"https:\/\/www.lacoifferie.ch\/index.php?rest_route=\/wp\/v2\/types\/page"}],"author":[{"embeddable":true,"href":"https:\/\/www.lacoifferie.ch\/index.php?rest_route=\/wp\/v2\/users\/3"}],"replies":[{"embeddable":true,"href":"https:\/\/www.lacoifferie.ch\/index.php?rest_route=%2Fwp%2Fv2%2Fcomments&post=19078"}],"version-history":[{"count":18,"href":"https:\/\/www.lacoifferie.ch\/index.php?rest_route=\/wp\/v2\/pages\/19078\/revisions"}],"predecessor-version":[{"id":20056,"href":"https:\/\/www.lacoifferie.ch\/index.php?rest_route=\/wp\/v2\/pages\/19078\/revisions\/20056"}],"wp:attachment":[{"href":"https:\/\/www.lacoifferie.ch\/index.php?rest_route=%2Fwp%2Fv2%2Fmedia&parent=19078"}],"curies":[{"name":"wp","href":"https:\/\/api.w.org\/{rel}","templated":true}]}}