{"id":19608,"date":"2021-03-01T15:43:36","date_gmt":"2021-03-01T13:43:36","guid":{"rendered":"https:\/\/www.lacoifferie.ch\/?page_id=19608"},"modified":"2021-03-01T15:43:36","modified_gmt":"2021-03-01T13:43:36","slug":"bondpro-2","status":"publish","type":"page","link":"https:\/\/www.lacoifferie.ch\/?page_id=19608","title":{"rendered":"Blond me"},"content":{"rendered":"<div class=\"wpb-content-wrapper\"><div class=\"vc_row wpb_row section \" style=' text-align:left;'><div class=\" full_section_inner clearfix\"><div class=\"wpb_column vc_column_container vc_col-sm-12\"><div class=\"vc_column-inner\"><div class=\"wpb_wrapper\">\n\t<div class=\"wpb_text_column wpb_content_element \">\n\t\t<div class=\"wpb_wrapper\">\n\t\t\t<h1 style=\"text-align: center;\">BLOND ME<\/h1>\n<h2 style=\"text-align: center;\">\u00c0 CHAQUE BLOND SA PERFECTION<\/h2>\n\n\t\t<\/div> \n\t<\/div> <div class=\"vc_empty_space\"   style=\"height: 20px\"><span class=\"vc_empty_space_inner\"><\/span><\/div>\n\t<div class=\"wpb_single_image wpb_content_element vc_align_center\">\n\t\t<div class=\"wpb_wrapper\">\n\t\t\t\n\t\t\t<div class=\"vc_single_image-wrapper   vc_box_border_grey\"><img loading=\"lazy\" decoding=\"async\" width=\"940\" height=\"480\" src=\"https:\/\/www.lacoifferie.ch\/new\/wp-content\/uploads\/2021\/03\/SKP_HIB_BLONDME_940x480-FR.jpg\" class=\"vc_single_image-img attachment-full\" alt=\"\" title=\"SKP_HIB_BLONDME_940x480-FR\" srcset=\"https:\/\/www.lacoifferie.ch\/new\/wp-content\/uploads\/2021\/03\/SKP_HIB_BLONDME_940x480-FR.jpg 940w, https:\/\/www.lacoifferie.ch\/new\/wp-content\/uploads\/2021\/03\/SKP_HIB_BLONDME_940x480-FR-300x153.jpg 300w, https:\/\/www.lacoifferie.ch\/new\/wp-content\/uploads\/2021\/03\/SKP_HIB_BLONDME_940x480-FR-768x392.jpg 768w, https:\/\/www.lacoifferie.ch\/new\/wp-content\/uploads\/2021\/03\/SKP_HIB_BLONDME_940x480-FR-600x306.jpg 600w\" sizes=\"auto, (max-width: 940px) 100vw, 940px\" \/><\/div>\n\t\t<\/div>\n\t<\/div>\n<div class=\"vc_empty_space\"   style=\"height: 32px\"><span class=\"vc_empty_space_inner\"><\/span><\/div><div     class=\"vc_row wpb_row section vc_inner \" style=' text-align:left;'><div class=\" full_section_inner clearfix\"><div class=\"wpb_column vc_column_container vc_col-sm-6\"><div class=\"vc_column-inner\"><div class=\"wpb_wrapper\">\n\t<div class=\"wpb_text_column wpb_content_element \">\n\t\t<div class=\"wpb_wrapper\">\n\t\t\t<p><b>Il y a une infinit\u00e9 de nuances de blond.<\/b><\/p>\n<p>\u00catre blond peut signifier tout ce que vous voulez, de reflets ensoleill\u00e9s subtils \u00e0 un blond polaire. Il peut \u00eatre aussi chaud qu&rsquo;une couleur caramel ou aussi froid qu&rsquo;une couleur cendr\u00e9e. Le blond procure un sentiment de joie, de confiance en soi et de s\u00e9duction.<\/p>\n<p>Le blond est l&rsquo;une des couleurs les plus exigeantes mais aussi les plus ambitieuses, il est encore per\u00e7u comme hors de port\u00e9e pour la plupart des gens.<\/p>\n<p>La campagne\u00a0<b>#BLONDESOFTHEWORLD<\/b>\u00a0met en avant des blond(e)s de 9 m\u00e9tropoles mondiales, chacun(e) avec leur histoire personnelle et leur chemin vers la blondeur. Chaque blond est unique \u2013\u00a0<b>Il y a un blond fait pour chacun<\/b>, quel que soit votre couleur de peau, de cheveu ou votre genre. Qui a dit que vous ne pouviez pas \u00eatre blond(e) ?<\/p>\n\n\t\t<\/div> \n\t<\/div> <\/div><\/div><\/div><div class=\"wpb_column vc_column_container vc_col-sm-6\"><div class=\"vc_column-inner\"><div class=\"wpb_wrapper\">\n\t<div class=\"wpb_video_widget wpb_content_element vc_clearfix   vc_video-aspect-ratio-169 vc_video-el-width-100 vc_video-align-right\" >\n\t\t<div class=\"wpb_wrapper\">\n\t\t\t\n\t\t\t<div class=\"wpb_video_wrapper\"><iframe loading=\"lazy\" title=\"#BLONDESOFTHEWORLD - Because the perfect blonde is diverse\" width=\"500\" height=\"281\" src=\"https:\/\/www.youtube.com\/embed\/aD_ve4xFpsQ?feature=oembed\" frameborder=\"0\" allow=\"accelerometer; autoplay; clipboard-write; encrypted-media; gyroscope; picture-in-picture; web-share\" referrerpolicy=\"strict-origin-when-cross-origin\" allowfullscreen><\/iframe><\/div>\n\t\t<\/div>\n\t<\/div>\n<\/div><\/div><\/div><\/div><\/div><div class=\"vc_empty_space\"   style=\"height: 20px\"><span class=\"vc_empty_space_inner\"><\/span><\/div><div     class=\"vc_row wpb_row section vc_inner \" style=' text-align:left;'><div class=\" full_section_inner clearfix\"><div class=\"wpb_column vc_column_container vc_col-sm-6\"><div class=\"vc_column-inner\"><div class=\"wpb_wrapper\">\n\t<div class=\"wpb_single_image wpb_content_element vc_align_left\">\n\t\t<div class=\"wpb_wrapper\">\n\t\t\t\n\t\t\t<div class=\"vc_single_image-wrapper   vc_box_border_grey\"><img loading=\"lazy\" decoding=\"async\" width=\"460\" height=\"420\" src=\"https:\/\/www.lacoifferie.ch\/new\/wp-content\/uploads\/2021\/03\/SKP_ICT_BLONDME_Care_RL_Flatlay_460x420-NEW.jpg\" class=\"vc_single_image-img attachment-full\" alt=\"\" title=\"SKP_ICT_BLONDME_Care_RL_Flatlay_460x420-NEW\" srcset=\"https:\/\/www.lacoifferie.ch\/new\/wp-content\/uploads\/2021\/03\/SKP_ICT_BLONDME_Care_RL_Flatlay_460x420-NEW.jpg 460w, https:\/\/www.lacoifferie.ch\/new\/wp-content\/uploads\/2021\/03\/SKP_ICT_BLONDME_Care_RL_Flatlay_460x420-NEW-300x274.jpg 300w\" sizes=\"auto, (max-width: 460px) 100vw, 460px\" \/><\/div>\n\t\t<\/div>\n\t<\/div>\n<\/div><\/div><\/div><div class=\"wpb_column vc_column_container vc_col-sm-6\"><div class=\"vc_column-inner\"><div class=\"wpb_wrapper\">\n\t<div class=\"wpb_text_column wpb_content_element \">\n\t\t<div class=\"wpb_wrapper\">\n\t\t\t<h3>SERVICES BLONDEUR<\/h3>\n<p>BLONDME offre un syst\u00e8me de coloration et de soin unique, avec des opportunit\u00e9s de services infinies, rassembl\u00e9s sous 3 cat\u00e9gories :\u00a0<b>Flawless Blonde, Brightened Blonde et Polished Blonde<\/b>.<\/p>\n<ul>\n<li><b>FLAWLESS BLONDE<\/b> : Transforme radicalement nos clientes avec un total look blond ou maintient un blond fabuleux en l&rsquo;associant \u00e0 un service de soins personnalis\u00e9s pour des r\u00e9sultats blonds impeccables.<\/li>\n<li><b>BRIGHTENED BLONDE<\/b> : \u00c9gaye le look de nos clientes avec des techniques \u00e0 main lev\u00e9e, des m\u00e8ches classiques ou rafra\u00eechissez leur blond avec un service purifiant.<\/li>\n<li><b>POLISHED BLONDE<\/b> : La touche finale est l&rsquo;\u00e9tape la plus importante pour fid\u00e9liser et permettre \u00e0 nos clientes de rentrer chez elles satisfaites. Sublimer leur look avec une neutralisation parfaite ou un service de rafra\u00eechissement pour une brillance \u00e9clatante.<\/li>\n<\/ul>\n<p>Les services des trois cat\u00e9gories sont enti\u00e8rement \u00e9changeables et modulables, ce qui nous permet de proposer une offre sur mesure couvrant tous les besoins de nos clientes blondes.<\/p>\n\n\t\t<\/div> \n\t<\/div> <\/div><\/div><\/div><\/div><\/div><\/div><\/div><\/div><\/div><\/div><div     class=\"vc_row wpb_row section \" style=' text-align:left;'><div class=\" full_section_inner clearfix\"><div class=\"wpb_column vc_column_container vc_col-sm-12\"><div class=\"vc_column-inner\"><div class=\"wpb_wrapper\"><div class=\"vc_empty_space\"   style=\"height: 32px\"><span class=\"vc_empty_space_inner\"><\/span><\/div><\/div><\/div><\/div><\/div><\/div>\n<\/div>","protected":false},"excerpt":{"rendered":"BLOND ME \u00c0 CHAQUE BLOND SA PERFECTION Il y a une infinit\u00e9 de nuances de blond. \u00catre blond peut signifier tout ce que vous voulez, de reflets ensoleill\u00e9s subtils \u00e0 un blond polaire. Il peut \u00eatre aussi chaud qu'une couleur caramel ou aussi froid qu'une...","protected":false},"author":3,"featured_media":0,"parent":0,"menu_order":0,"comment_status":"closed","ping_status":"open","template":"","meta":{"footnotes":""},"class_list":["post-19608","page","type-page","status-publish","hentry"],"yoast_head":"<!-- This site is optimized with the Yoast SEO plugin v27.1.1 - https:\/\/yoast.com\/product\/yoast-seo-wordpress\/ -->\n<title>Blond me - La Coifferie par V\u00e9ronique Buchs - salon de coiffure \u00e0 Vevey<\/title>\n<meta name=\"robots\" content=\"index, follow, max-snippet:-1, max-image-preview:large, max-video-preview:-1\" \/>\n<link rel=\"canonical\" href=\"https:\/\/www.lacoifferie.ch\/?page_id=19608\" \/>\n<meta property=\"og:locale\" content=\"fr_FR\" \/>\n<meta property=\"og:type\" content=\"article\" \/>\n<meta property=\"og:title\" content=\"Blond me - La Coifferie par V\u00e9ronique Buchs - salon de coiffure \u00e0 Vevey\" \/>\n<meta property=\"og:url\" content=\"https:\/\/www.lacoifferie.ch\/?page_id=19608\" \/>\n<meta property=\"og:site_name\" content=\"La Coifferie par V\u00e9ronique Buchs - salon de coiffure \u00e0 Vevey\" \/>\n<meta property=\"article:publisher\" content=\"https:\/\/www.facebook.com\/lacoifferievevey\" \/>\n<meta name=\"twitter:card\" content=\"summary_large_image\" \/>\n<meta name=\"twitter:label1\" content=\"Dur\u00e9e de lecture estim\u00e9e\" \/>\n\t<meta name=\"twitter:data1\" content=\"2 minutes\" \/>\n<script type=\"application\/ld+json\" class=\"yoast-schema-graph\">{\"@context\":\"https:\/\/schema.org\",\"@graph\":[{\"@type\":\"WebPage\",\"@id\":\"https:\/\/www.lacoifferie.ch\/?page_id=19608\",\"url\":\"https:\/\/www.lacoifferie.ch\/?page_id=19608\",\"name\":\"Blond me - La Coifferie par V\u00e9ronique Buchs - salon de coiffure \u00e0 Vevey\",\"isPartOf\":{\"@id\":\"https:\/\/www.lacoifferie.ch\/#website\"},\"datePublished\":\"2021-03-01T13:43:36+00:00\",\"breadcrumb\":{\"@id\":\"https:\/\/www.lacoifferie.ch\/?page_id=19608#breadcrumb\"},\"inLanguage\":\"fr-FR\",\"potentialAction\":[{\"@type\":\"ReadAction\",\"target\":[\"https:\/\/www.lacoifferie.ch\/?page_id=19608\"]}]},{\"@type\":\"BreadcrumbList\",\"@id\":\"https:\/\/www.lacoifferie.ch\/?page_id=19608#breadcrumb\",\"itemListElement\":[{\"@type\":\"ListItem\",\"position\":1,\"name\":\"Accueil\",\"item\":\"https:\/\/www.lacoifferie.ch\/\"},{\"@type\":\"ListItem\",\"position\":2,\"name\":\"Blond me\"}]},{\"@type\":\"WebSite\",\"@id\":\"https:\/\/www.lacoifferie.ch\/#website\",\"url\":\"https:\/\/www.lacoifferie.ch\/\",\"name\":\"La Coifferie par V\u00e9ronique Buchs - salon de coiffure \u00e0 Vevey\",\"description\":\"Pour votre bien \u00eatre ...\",\"publisher\":{\"@id\":\"https:\/\/www.lacoifferie.ch\/#organization\"},\"potentialAction\":[{\"@type\":\"SearchAction\",\"target\":{\"@type\":\"EntryPoint\",\"urlTemplate\":\"https:\/\/www.lacoifferie.ch\/?s={search_term_string}\"},\"query-input\":{\"@type\":\"PropertyValueSpecification\",\"valueRequired\":true,\"valueName\":\"search_term_string\"}}],\"inLanguage\":\"fr-FR\"},{\"@type\":\"Organization\",\"@id\":\"https:\/\/www.lacoifferie.ch\/#organization\",\"name\":\"La Coifferie par V\u00e9ronique Buchs - salon de coiffure \u00e0 Vevey\",\"url\":\"https:\/\/www.lacoifferie.ch\/\",\"logo\":{\"@type\":\"ImageObject\",\"inLanguage\":\"fr-FR\",\"@id\":\"https:\/\/www.lacoifferie.ch\/#\/schema\/logo\/image\/\",\"url\":\"https:\/\/www.lacoifferie.ch\/new\/wp-content\/uploads\/2014\/09\/logo2017_black-1.png\",\"contentUrl\":\"https:\/\/www.lacoifferie.ch\/new\/wp-content\/uploads\/2014\/09\/logo2017_black-1.png\",\"width\":376,\"height\":190,\"caption\":\"La Coifferie par V\u00e9ronique Buchs - salon de coiffure \u00e0 Vevey\"},\"image\":{\"@id\":\"https:\/\/www.lacoifferie.ch\/#\/schema\/logo\/image\/\"},\"sameAs\":[\"https:\/\/www.facebook.com\/lacoifferievevey\",\"https:\/\/www.instagram.com\/lacoifferievevey\/\"]}]}<\/script>\n<!-- \/ Yoast SEO plugin. -->","yoast_head_json":{"title":"Blond me - La Coifferie par V\u00e9ronique Buchs - salon de coiffure \u00e0 Vevey","robots":{"index":"index","follow":"follow","max-snippet":"max-snippet:-1","max-image-preview":"max-image-preview:large","max-video-preview":"max-video-preview:-1"},"canonical":"https:\/\/www.lacoifferie.ch\/?page_id=19608","og_locale":"fr_FR","og_type":"article","og_title":"Blond me - La Coifferie par V\u00e9ronique Buchs - salon de coiffure \u00e0 Vevey","og_url":"https:\/\/www.lacoifferie.ch\/?page_id=19608","og_site_name":"La Coifferie par V\u00e9ronique Buchs - salon de coiffure \u00e0 Vevey","article_publisher":"https:\/\/www.facebook.com\/lacoifferievevey","twitter_card":"summary_large_image","twitter_misc":{"Dur\u00e9e de lecture estim\u00e9e":"2 minutes"},"schema":{"@context":"https:\/\/schema.org","@graph":[{"@type":"WebPage","@id":"https:\/\/www.lacoifferie.ch\/?page_id=19608","url":"https:\/\/www.lacoifferie.ch\/?page_id=19608","name":"Blond me - La Coifferie par V\u00e9ronique Buchs - salon de coiffure \u00e0 Vevey","isPartOf":{"@id":"https:\/\/www.lacoifferie.ch\/#website"},"datePublished":"2021-03-01T13:43:36+00:00","breadcrumb":{"@id":"https:\/\/www.lacoifferie.ch\/?page_id=19608#breadcrumb"},"inLanguage":"fr-FR","potentialAction":[{"@type":"ReadAction","target":["https:\/\/www.lacoifferie.ch\/?page_id=19608"]}]},{"@type":"BreadcrumbList","@id":"https:\/\/www.lacoifferie.ch\/?page_id=19608#breadcrumb","itemListElement":[{"@type":"ListItem","position":1,"name":"Accueil","item":"https:\/\/www.lacoifferie.ch\/"},{"@type":"ListItem","position":2,"name":"Blond me"}]},{"@type":"WebSite","@id":"https:\/\/www.lacoifferie.ch\/#website","url":"https:\/\/www.lacoifferie.ch\/","name":"La Coifferie par V\u00e9ronique Buchs - salon de coiffure \u00e0 Vevey","description":"Pour votre bien \u00eatre ...","publisher":{"@id":"https:\/\/www.lacoifferie.ch\/#organization"},"potentialAction":[{"@type":"SearchAction","target":{"@type":"EntryPoint","urlTemplate":"https:\/\/www.lacoifferie.ch\/?s={search_term_string}"},"query-input":{"@type":"PropertyValueSpecification","valueRequired":true,"valueName":"search_term_string"}}],"inLanguage":"fr-FR"},{"@type":"Organization","@id":"https:\/\/www.lacoifferie.ch\/#organization","name":"La Coifferie par V\u00e9ronique Buchs - salon de coiffure \u00e0 Vevey","url":"https:\/\/www.lacoifferie.ch\/","logo":{"@type":"ImageObject","inLanguage":"fr-FR","@id":"https:\/\/www.lacoifferie.ch\/#\/schema\/logo\/image\/","url":"https:\/\/www.lacoifferie.ch\/new\/wp-content\/uploads\/2014\/09\/logo2017_black-1.png","contentUrl":"https:\/\/www.lacoifferie.ch\/new\/wp-content\/uploads\/2014\/09\/logo2017_black-1.png","width":376,"height":190,"caption":"La Coifferie par V\u00e9ronique Buchs - salon de coiffure \u00e0 Vevey"},"image":{"@id":"https:\/\/www.lacoifferie.ch\/#\/schema\/logo\/image\/"},"sameAs":["https:\/\/www.facebook.com\/lacoifferievevey","https:\/\/www.instagram.com\/lacoifferievevey\/"]}]}},"_links":{"self":[{"href":"https:\/\/www.lacoifferie.ch\/index.php?rest_route=\/wp\/v2\/pages\/19608","targetHints":{"allow":["GET"]}}],"collection":[{"href":"https:\/\/www.lacoifferie.ch\/index.php?rest_route=\/wp\/v2\/pages"}],"about":[{"href":"https:\/\/www.lacoifferie.ch\/index.php?rest_route=\/wp\/v2\/types\/page"}],"author":[{"embeddable":true,"href":"https:\/\/www.lacoifferie.ch\/index.php?rest_route=\/wp\/v2\/users\/3"}],"replies":[{"embeddable":true,"href":"https:\/\/www.lacoifferie.ch\/index.php?rest_route=%2Fwp%2Fv2%2Fcomments&post=19608"}],"version-history":[{"count":4,"href":"https:\/\/www.lacoifferie.ch\/index.php?rest_route=\/wp\/v2\/pages\/19608\/revisions"}],"predecessor-version":[{"id":19614,"href":"https:\/\/www.lacoifferie.ch\/index.php?rest_route=\/wp\/v2\/pages\/19608\/revisions\/19614"}],"wp:attachment":[{"href":"https:\/\/www.lacoifferie.ch\/index.php?rest_route=%2Fwp%2Fv2%2Fmedia&parent=19608"}],"curies":[{"name":"wp","href":"https:\/\/api.w.org\/{rel}","templated":true}]}}